{"id":16110,"date":"2026-02-02T14:11:58","date_gmt":"2026-02-02T12:11:58","guid":{"rendered":"https:\/\/www.heatline.ee\/product\/a-smart-thermostat-that-monitors-the-electricity-market-price\/"},"modified":"2026-05-11T15:26:04","modified_gmt":"2026-05-11T12:26:04","slug":"termostats-bez-ekrana-kas-seko-lidzi-elektribas-birzas-cenai","status":"publish","type":"product","link":"https:\/\/www.heatline.ee\/lv\/product\/termostats-bez-ekrana-kas-seko-lidzi-elektribas-birzas-cenai\/","title":{"rendered":"Termostats bez ekr\u0101na kas seko l\u012bdzi elektr\u012bbas bir\u017eas cenai"},"content":{"rendered":"<h4>Viedais termostats bez ekr\u0101na ar elektroener\u0123ijas bir\u017eas cenas uzraudz\u012bbu &#8211; Tehniskie dati<\/h4>\n<p>\u012apa\u0161\u012bba Dati<br \/>\nLietot\u0101ja interfeiss Bezmaksas<br \/>\nStandartapr\u012bkojums Ned\u0113\u013cas pulkstenis un adapt\u012bv\u0101s m\u0101c\u012b\u0161an\u0101s funkcija<br \/>\nSlodze 16A<br \/>\nDarba spriegums 230VAC<br \/>\nMitrumiztur\u012bba IP21<br \/>\nRegul\u0113jams temperat\u016bras diapazons +5\u00b0C\/+30\u00b0C<br \/>\nSensors Ieb\u016bv\u0113ts gaisa sensors + gr\u012bdas sensors: NTC (Pa\u0161izv\u0113les, kuru sensoru izmantot)<br \/>\nAtbalsta citu ra\u017eot\u0101ju sensorus 6k8, 10k, 12k, 15k, 22k, 33k, 47k un 100k gr\u012bdas sensori<br \/>\nKomplekt\u0101 3m 10k$\\Omega$ gr\u012bdas sensors<br \/>\nKorpuss Balts<br \/>\nVad\u012bba Ar EVESTA lietotnes pal\u012bdz\u012bbu (pieejama Google Play un App Store)<br \/>\nR\u0101mju sader\u012bba Sader\u012bgs ar liel\u0101ko da\u013cu 55x55mm standarta r\u0101mjiem (Schneider Exxact, Elko, Jung, Gira, Siemens, Berker un Merten)<br \/>\nPapildus komplekt\u0101 Exxact-sader\u012bgs uzst\u0101d\u012b\u0161anas r\u0101mis<br \/>\nAtt\u0101lin\u0101ta vad\u012bba Iesp\u0113jama ar EVESTA lietotni caur WiFi savienojumu<br \/>\nLieto\u0161anas un programm\u0113\u0161anas vieglums Viegli lietojams un programm\u0113jams<br \/>\nAtbilst\u012bba direkt\u012bv\u0101m Atbilst ECODESIGN direkt\u012bvas pras\u012bb\u0101m<br \/>\nTemperat\u016bras ierobe\u017eojumi Iesp\u0113jams iestat\u012bt min\/max robe\u017eas temperat\u016bras iestat\u012bjumiem katrai telpai atsevi\u0161\u0137i<br \/>\nDizains M\u016bsdien\u012bgs dizains un labs izskats ar\u012b vispras\u012bg\u0101kaj\u0101s vid\u0113s<br \/>\nPapildu funkcija Termostats ir pieejams ar\u012b k\u0101 laika releja re\u017e\u012bms, lai aizvietotu termostatus, kuru vecais gr\u012bdas sensors ir boj\u0101ts un to nav iesp\u0113jams nomain\u012bt.<br \/>\nRa\u017eots Somij\u0101<\/p>\n<p><a href=\"https:\/\/www.heatline.ee\/wp-content\/uploads\/frames-1.webp\"><img fetchpriority=\"high\" decoding=\"async\" class=\"alignleft size-full wp-image-10781\" src=\"https:\/\/www.heatline.ee\/wp-content\/uploads\/frames-1.webp\" alt=\"\" width=\"1224\" height=\"319\" srcset=\"https:\/\/www.heatline.ee\/wp-content\/uploads\/frames-1.webp 1224w, https:\/\/www.heatline.ee\/wp-content\/uploads\/frames-1-300x78.webp 300w, https:\/\/www.heatline.ee\/wp-content\/uploads\/frames-1-1024x267.webp 1024w, https:\/\/www.heatline.ee\/wp-content\/uploads\/frames-1-150x39.webp 150w, https:\/\/www.heatline.ee\/wp-content\/uploads\/frames-1-768x200.webp 768w, https:\/\/www.heatline.ee\/wp-content\/uploads\/frames-1-600x156.webp 600w\" sizes=\"(max-width: 1224px) 100vw, 1224px\" \/><\/a><\/p>\n","protected":false},"excerpt":{"rendered":"<p>Viedais termostats bez ekr\u0101na <strong>Etherma ETH-BLANK WIFI<\/strong> ar elektroener\u0123ijas bir\u017eas cenas uzraudz\u012bbu<\/p>\n<p><b>Produkta apraksts:<\/b><\/p>\n<p>Viedais termostats <b>Etherma ETH-BLANK WIFI<\/b> ar elektroener\u0123ijas bir\u017eas cenas uzraudz\u012bbu ir sapr\u0101t\u012bgs risin\u0101jums m\u0101jas apkurei.<\/p>\n<p>Termostatu var viegli pievienot WiFi t\u012bklam un vad\u012bt, izmantojot mobilo aplik\u0101ciju. Izmantojot aplik\u0101ciju, j\u016bs varat optimiz\u0113t apkuri, p\u0101rvirzot to uz l\u0113t\u0101k\u0101m elektroener\u0123ijas stund\u0101m. Bir\u017eas cenu uzraugo\u0161ais termostats ir ar\u012b programm\u0113jams un autom\u0101tiski regul\u0113 temperat\u016bru.<\/p>\n<p>\u0160is viedais termostats ir dro\u0161a izv\u0113le, jo tam nav pogu, kas noz\u012bm\u0113, ka temperat\u016bru var regul\u0113t tikai caur aplik\u0101ciju. \u0160\u012b funkcija var b\u016bt noder\u012bga attiec\u012bb\u0101 uz b\u0113rniem, viesiem vai \u012brniekiem.<\/p>\n<p>Termostatu ir viegli uzst\u0101d\u012bt, un t\u0101 m\u016bsdien\u012bgais dizains labi iederas jebkur\u0101 interjer\u0101. Kad termostats ir savienots ar WiFi t\u012bklu, tas pats ieg\u016bst elektroener\u0123ijas cenu un viet\u0113jo laika prognozi, lai nodro\u0161in\u0101tu lab\u0101ko rezult\u0101tu.<\/p>\n<p>Termostata priek\u0161roc\u012bba ir t\u0101, ka tas atbalsta ar\u012b citu ra\u017eot\u0101ju gr\u012bdas sensorus (skat\u012bt s\u012bk\u0101k tehniskajos datos), un pateicoties tam, tas ir lieliski piem\u0113rots veco gr\u012bdas apkures termostatu nomai\u0146ai, nemainot veco gr\u012bdas sensoru. Tas ir piem\u0113rots lieto\u0161anai ar betona un koka gr\u012bd\u0101m, iev\u0113rojot attiec\u012bgo gr\u012bdas temperat\u016bras ierobe\u017eojumu. Darbojas ar\u012b tikai ar gaisa sensoru.<\/p>\n<p>&nbsp;<\/p>\n","protected":false},"featured_media":16107,"comment_status":"closed","ping_status":"closed","template":"","meta":{"_acf_changed":false,"_exactmetrics_skip_tracking":false,"_exactmetrics_sitenote_active":false,"_exactmetrics_sitenote_note":"","_exactmetrics_sitenote_category":0,"_monsterinsights_skip_tracking":false,"_monsterinsights_sitenote_active":false,"_monsterinsights_sitenote_note":"","_monsterinsights_sitenote_category":0},"product_brand":[],"product_cat":[766],"product_tag":[],"class_list":{"0":"post-16110","1":"product","2":"type-product","3":"status-publish","4":"has-post-thumbnail","6":"product_cat-ierices-elektroenergijas-birzas-cenu-uzraudzibai-un-taupisanai","8":"first","9":"instock","10":"taxable","11":"shipping-taxable","12":"purchasable","13":"product-type-simple"},"acf":[],"yoast_head":"<!-- This site is optimized with the Yoast SEO Premium plugin v27.5 (Yoast SEO v27.6) - https:\/\/yoast.com\/product\/yoast-seo-premium-wordpress\/ -->\n<title>Termostats bez ekr\u0101na kas seko l\u012bdzi elektr\u012bbas bir\u017eas cenai - Heatline<\/title>\n<meta name=\"description\" content=\"Viedais termostats bez ekr\u0101na Etherma ETH-BLANK WIFI ar elektroener\u0123ijas bir\u017eas cenas uzraudz\u012bbu\" \/>\n<meta name=\"robots\" content=\"index, follow, max-snippet:-1, max-image-preview:large, max-video-preview:-1\" \/>\n<link rel=\"canonical\" href=\"https:\/\/www.heatline.ee\/lv\/product\/termostats-bez-ekrana-kas-seko-lidzi-elektribas-birzas-cenai\/\" \/>\n<meta property=\"og:locale\" content=\"lv_LV\" \/>\n<meta property=\"og:type\" content=\"article\" \/>\n<meta property=\"og:title\" content=\"Termostats bez ekr\u0101na kas seko l\u012bdzi elektr\u012bbas bir\u017eas cenai\" \/>\n<meta property=\"og:description\" content=\"Viedais termostats bez ekr\u0101na Etherma ETH-BLANK WIFI ar elektroener\u0123ijas bir\u017eas cenas uzraudz\u012bbu\" \/>\n<meta property=\"og:url\" content=\"https:\/\/www.heatline.ee\/lv\/product\/termostats-bez-ekrana-kas-seko-lidzi-elektribas-birzas-cenai\/\" \/>\n<meta property=\"og:site_name\" content=\"Heatline\" \/>\n<meta property=\"article:publisher\" content=\"https:\/\/www.facebook.com\/Heatline.ee\/\" \/>\n<meta property=\"article:modified_time\" content=\"2026-05-11T12:26:04+00:00\" \/>\n<meta property=\"og:image\" content=\"https:\/\/www.heatline.ee\/wp-content\/uploads\/ETH-BLANK-WIFI-thermostat.webp?_t=1778502365\" \/>\n\t<meta property=\"og:image:width\" content=\"600\" \/>\n\t<meta property=\"og:image:height\" content=\"600\" \/>\n\t<meta property=\"og:image:type\" content=\"image\/webp\" \/>\n<meta name=\"twitter:card\" content=\"summary_large_image\" \/>\n<meta name=\"twitter:label1\" content=\"Est. reading time\" \/>\n\t<meta name=\"twitter:data1\" content=\"2 minutes\" \/>\n<script type=\"application\/ld+json\" class=\"yoast-schema-graph\">{\"@context\":\"https:\\\/\\\/schema.org\",\"@graph\":[{\"@type\":\"WebPage\",\"@id\":\"https:\\\/\\\/www.heatline.ee\\\/lv\\\/product\\\/termostats-bez-ekrana-kas-seko-lidzi-elektribas-birzas-cenai\\\/\",\"url\":\"https:\\\/\\\/www.heatline.ee\\\/lv\\\/product\\\/termostats-bez-ekrana-kas-seko-lidzi-elektribas-birzas-cenai\\\/\",\"name\":\"Termostats bez ekr\u0101na kas seko l\u012bdzi elektr\u012bbas bir\u017eas cenai - Heatline\",\"isPartOf\":{\"@id\":\"https:\\\/\\\/www.heatline.ee\\\/lv\\\/#website\"},\"primaryImageOfPage\":{\"@id\":\"https:\\\/\\\/www.heatline.ee\\\/lv\\\/product\\\/termostats-bez-ekrana-kas-seko-lidzi-elektribas-birzas-cenai\\\/#primaryimage\"},\"image\":{\"@id\":\"https:\\\/\\\/www.heatline.ee\\\/lv\\\/product\\\/termostats-bez-ekrana-kas-seko-lidzi-elektribas-birzas-cenai\\\/#primaryimage\"},\"thumbnailUrl\":\"https:\\\/\\\/www.heatline.ee\\\/wp-content\\\/uploads\\\/ETH-BLANK-WIFI-thermostat.webp\",\"datePublished\":\"2026-02-02T12:11:58+00:00\",\"dateModified\":\"2026-05-11T12:26:04+00:00\",\"description\":\"Viedais termostats bez ekr\u0101na Etherma ETH-BLANK WIFI ar elektroener\u0123ijas bir\u017eas cenas uzraudz\u012bbu\",\"breadcrumb\":{\"@id\":\"https:\\\/\\\/www.heatline.ee\\\/lv\\\/product\\\/termostats-bez-ekrana-kas-seko-lidzi-elektribas-birzas-cenai\\\/#breadcrumb\"},\"inLanguage\":\"lv-LV\",\"potentialAction\":[{\"@type\":\"ReadAction\",\"target\":[\"https:\\\/\\\/www.heatline.ee\\\/lv\\\/product\\\/termostats-bez-ekrana-kas-seko-lidzi-elektribas-birzas-cenai\\\/\"]}]},{\"@type\":\"ImageObject\",\"inLanguage\":\"lv-LV\",\"@id\":\"https:\\\/\\\/www.heatline.ee\\\/lv\\\/product\\\/termostats-bez-ekrana-kas-seko-lidzi-elektribas-birzas-cenai\\\/#primaryimage\",\"url\":\"https:\\\/\\\/www.heatline.ee\\\/wp-content\\\/uploads\\\/ETH-BLANK-WIFI-thermostat.webp\",\"contentUrl\":\"https:\\\/\\\/www.heatline.ee\\\/wp-content\\\/uploads\\\/ETH-BLANK-WIFI-thermostat.webp\",\"width\":600,\"height\":600},{\"@type\":\"BreadcrumbList\",\"@id\":\"https:\\\/\\\/www.heatline.ee\\\/lv\\\/product\\\/termostats-bez-ekrana-kas-seko-lidzi-elektribas-birzas-cenai\\\/#breadcrumb\",\"itemListElement\":[{\"@type\":\"ListItem\",\"position\":1,\"name\":\"Esileht\",\"item\":\"https:\\\/\\\/www.heatline.ee\\\/lv\\\/\"},{\"@type\":\"ListItem\",\"position\":2,\"name\":\"Shop\",\"item\":\"https:\\\/\\\/www.heatline.ee\\\/lv\\\/shop\\\/\"},{\"@type\":\"ListItem\",\"position\":3,\"name\":\"Termostats bez ekr\u0101na kas seko l\u012bdzi elektr\u012bbas bir\u017eas cenai\"}]},{\"@type\":\"WebSite\",\"@id\":\"https:\\\/\\\/www.heatline.ee\\\/lv\\\/#website\",\"url\":\"https:\\\/\\\/www.heatline.ee\\\/lv\\\/\",\"name\":\"Heatline\",\"description\":\"K&uuml;ttekaablid, k&uuml;ttekehad, mahuti ja t&uuml;nni k&uuml;te, kuumutusahjud\",\"publisher\":{\"@id\":\"https:\\\/\\\/www.heatline.ee\\\/lv\\\/#organization\"},\"potentialAction\":[{\"@type\":\"SearchAction\",\"target\":{\"@type\":\"EntryPoint\",\"urlTemplate\":\"https:\\\/\\\/www.heatline.ee\\\/lv\\\/?s={search_term_string}\"},\"query-input\":{\"@type\":\"PropertyValueSpecification\",\"valueRequired\":true,\"valueName\":\"search_term_string\"}}],\"inLanguage\":\"lv-LV\"},{\"@type\":\"Organization\",\"@id\":\"https:\\\/\\\/www.heatline.ee\\\/lv\\\/#organization\",\"name\":\"Heatline O\u00dc\",\"url\":\"https:\\\/\\\/www.heatline.ee\\\/lv\\\/\",\"logo\":{\"@type\":\"ImageObject\",\"inLanguage\":\"lv-LV\",\"@id\":\"https:\\\/\\\/www.heatline.ee\\\/lv\\\/#\\\/schema\\\/logo\\\/image\\\/\",\"url\":\"https:\\\/\\\/www.heatline.ee\\\/wp-content\\\/uploads\\\/2019\\\/01\\\/heatline-logo.svg\",\"contentUrl\":\"https:\\\/\\\/www.heatline.ee\\\/wp-content\\\/uploads\\\/2019\\\/01\\\/heatline-logo.svg\",\"width\":214,\"height\":40,\"caption\":\"Heatline O\u00dc\"},\"image\":{\"@id\":\"https:\\\/\\\/www.heatline.ee\\\/lv\\\/#\\\/schema\\\/logo\\\/image\\\/\"},\"sameAs\":[\"https:\\\/\\\/www.facebook.com\\\/Heatline.ee\\\/\"]}]}<\/script>\n<!-- \/ Yoast SEO Premium plugin. -->","yoast_head_json":{"title":"Termostats bez ekr\u0101na kas seko l\u012bdzi elektr\u012bbas bir\u017eas cenai - Heatline","description":"Viedais termostats bez ekr\u0101na Etherma ETH-BLANK WIFI ar elektroener\u0123ijas bir\u017eas cenas uzraudz\u012bbu","robots":{"index":"index","follow":"follow","max-snippet":"max-snippet:-1","max-image-preview":"max-image-preview:large","max-video-preview":"max-video-preview:-1"},"canonical":"https:\/\/www.heatline.ee\/lv\/product\/termostats-bez-ekrana-kas-seko-lidzi-elektribas-birzas-cenai\/","og_locale":"lv_LV","og_type":"article","og_title":"Termostats bez ekr\u0101na kas seko l\u012bdzi elektr\u012bbas bir\u017eas cenai","og_description":"Viedais termostats bez ekr\u0101na Etherma ETH-BLANK WIFI ar elektroener\u0123ijas bir\u017eas cenas uzraudz\u012bbu","og_url":"https:\/\/www.heatline.ee\/lv\/product\/termostats-bez-ekrana-kas-seko-lidzi-elektribas-birzas-cenai\/","og_site_name":"Heatline","article_publisher":"https:\/\/www.facebook.com\/Heatline.ee\/","article_modified_time":"2026-05-11T12:26:04+00:00","og_image":[{"width":600,"height":600,"url":"https:\/\/www.heatline.ee\/wp-content\/uploads\/ETH-BLANK-WIFI-thermostat.webp?_t=1778502365","type":"image\/webp"}],"twitter_card":"summary_large_image","twitter_misc":{"Est. reading time":"2 minutes"},"schema":{"@context":"https:\/\/schema.org","@graph":[{"@type":"WebPage","@id":"https:\/\/www.heatline.ee\/lv\/product\/termostats-bez-ekrana-kas-seko-lidzi-elektribas-birzas-cenai\/","url":"https:\/\/www.heatline.ee\/lv\/product\/termostats-bez-ekrana-kas-seko-lidzi-elektribas-birzas-cenai\/","name":"Termostats bez ekr\u0101na kas seko l\u012bdzi elektr\u012bbas bir\u017eas cenai - Heatline","isPartOf":{"@id":"https:\/\/www.heatline.ee\/lv\/#website"},"primaryImageOfPage":{"@id":"https:\/\/www.heatline.ee\/lv\/product\/termostats-bez-ekrana-kas-seko-lidzi-elektribas-birzas-cenai\/#primaryimage"},"image":{"@id":"https:\/\/www.heatline.ee\/lv\/product\/termostats-bez-ekrana-kas-seko-lidzi-elektribas-birzas-cenai\/#primaryimage"},"thumbnailUrl":"https:\/\/www.heatline.ee\/wp-content\/uploads\/ETH-BLANK-WIFI-thermostat.webp","datePublished":"2026-02-02T12:11:58+00:00","dateModified":"2026-05-11T12:26:04+00:00","description":"Viedais termostats bez ekr\u0101na Etherma ETH-BLANK WIFI ar elektroener\u0123ijas bir\u017eas cenas uzraudz\u012bbu","breadcrumb":{"@id":"https:\/\/www.heatline.ee\/lv\/product\/termostats-bez-ekrana-kas-seko-lidzi-elektribas-birzas-cenai\/#breadcrumb"},"inLanguage":"lv-LV","potentialAction":[{"@type":"ReadAction","target":["https:\/\/www.heatline.ee\/lv\/product\/termostats-bez-ekrana-kas-seko-lidzi-elektribas-birzas-cenai\/"]}]},{"@type":"ImageObject","inLanguage":"lv-LV","@id":"https:\/\/www.heatline.ee\/lv\/product\/termostats-bez-ekrana-kas-seko-lidzi-elektribas-birzas-cenai\/#primaryimage","url":"https:\/\/www.heatline.ee\/wp-content\/uploads\/ETH-BLANK-WIFI-thermostat.webp","contentUrl":"https:\/\/www.heatline.ee\/wp-content\/uploads\/ETH-BLANK-WIFI-thermostat.webp","width":600,"height":600},{"@type":"BreadcrumbList","@id":"https:\/\/www.heatline.ee\/lv\/product\/termostats-bez-ekrana-kas-seko-lidzi-elektribas-birzas-cenai\/#breadcrumb","itemListElement":[{"@type":"ListItem","position":1,"name":"Esileht","item":"https:\/\/www.heatline.ee\/lv\/"},{"@type":"ListItem","position":2,"name":"Shop","item":"https:\/\/www.heatline.ee\/lv\/shop\/"},{"@type":"ListItem","position":3,"name":"Termostats bez ekr\u0101na kas seko l\u012bdzi elektr\u012bbas bir\u017eas cenai"}]},{"@type":"WebSite","@id":"https:\/\/www.heatline.ee\/lv\/#website","url":"https:\/\/www.heatline.ee\/lv\/","name":"Heatline","description":"K&uuml;ttekaablid, k&uuml;ttekehad, mahuti ja t&uuml;nni k&uuml;te, kuumutusahjud","publisher":{"@id":"https:\/\/www.heatline.ee\/lv\/#organization"},"potentialAction":[{"@type":"SearchAction","target":{"@type":"EntryPoint","urlTemplate":"https:\/\/www.heatline.ee\/lv\/?s={search_term_string}"},"query-input":{"@type":"PropertyValueSpecification","valueRequired":true,"valueName":"search_term_string"}}],"inLanguage":"lv-LV"},{"@type":"Organization","@id":"https:\/\/www.heatline.ee\/lv\/#organization","name":"Heatline O\u00dc","url":"https:\/\/www.heatline.ee\/lv\/","logo":{"@type":"ImageObject","inLanguage":"lv-LV","@id":"https:\/\/www.heatline.ee\/lv\/#\/schema\/logo\/image\/","url":"https:\/\/www.heatline.ee\/wp-content\/uploads\/2019\/01\/heatline-logo.svg","contentUrl":"https:\/\/www.heatline.ee\/wp-content\/uploads\/2019\/01\/heatline-logo.svg","width":214,"height":40,"caption":"Heatline O\u00dc"},"image":{"@id":"https:\/\/www.heatline.ee\/lv\/#\/schema\/logo\/image\/"},"sameAs":["https:\/\/www.facebook.com\/Heatline.ee\/"]}]}},"_links":{"self":[{"href":"https:\/\/www.heatline.ee\/lv\/wp-json\/wp\/v2\/product\/16110","targetHints":{"allow":["GET"]}}],"collection":[{"href":"https:\/\/www.heatline.ee\/lv\/wp-json\/wp\/v2\/product"}],"about":[{"href":"https:\/\/www.heatline.ee\/lv\/wp-json\/wp\/v2\/types\/product"}],"replies":[{"embeddable":true,"href":"https:\/\/www.heatline.ee\/lv\/wp-json\/wp\/v2\/comments?post=16110"}],"wp:featuredmedia":[{"embeddable":true,"href":"https:\/\/www.heatline.ee\/lv\/wp-json\/wp\/v2\/media\/16107"}],"wp:attachment":[{"href":"https:\/\/www.heatline.ee\/lv\/wp-json\/wp\/v2\/media?parent=16110"}],"wp:term":[{"taxonomy":"product_brand","embeddable":true,"href":"https:\/\/www.heatline.ee\/lv\/wp-json\/wp\/v2\/product_brand?post=16110"},{"taxonomy":"product_cat","embeddable":true,"href":"https:\/\/www.heatline.ee\/lv\/wp-json\/wp\/v2\/product_cat?post=16110"},{"taxonomy":"product_tag","embeddable":true,"href":"https:\/\/www.heatline.ee\/lv\/wp-json\/wp\/v2\/product_tag?post=16110"}],"curies":[{"name":"wp","href":"https:\/\/api.w.org\/{rel}","templated":true}]}}