{"id":15605,"date":"2026-02-02T14:11:57","date_gmt":"2026-02-02T12:11:57","guid":{"rendered":"https:\/\/www.heatline.ee\/product\/apsildamais-paklajs-gridai\/"},"modified":"2026-03-18T23:07:00","modified_gmt":"2026-03-18T21:07:00","slug":"apsildamais-paklajs-gridai","status":"publish","type":"product","link":"https:\/\/www.heatline.ee\/lv\/product\/apsildamais-paklajs-gridai\/","title":{"rendered":"Apsild\u0101mais pakl\u0101js gr\u012bdai"},"content":{"rendered":"<p>Darb\u012bbas spriegums: 230 V<br \/>\nIP aizsardz\u012bbas klase: IPX7<br \/>\nBiezums: apm. 7 mm<br \/>\nVirsmas temperat\u016bra: l\u012bdz 25 \u00b0C \u00b110%*<br \/>\nVirsmas materi\u0101ls: tekstila \u0161\u0137iedras audums<br \/>\nPievieno\u0161anas kabelis: 2,5 m ar kontaktdak\u0161u<br \/>\nKr\u0101sa: b\u0113\u0161a\/melna ar sarkanu apmali<br \/>\nRa\u017eot\u0101js: MI-Heat, V\u0101cija<\/p>\n<p><strong>Piez\u012bme!<\/strong><br \/>\nApsild\u0101mais pakl\u0101js silda tikai virs t\u0101 eso\u0161o pakl\u0101ju un nav paredz\u0113ts telpas apkurei!<\/p>\n<p>* Sasniedzam\u0101 virsmas temperat\u016bra ir atkar\u012bga no virs t\u0101 eso\u0161\u0101 pakl\u0101ja \u012bpa\u0161\u012bb\u0101m, pamatnes un apk\u0101rt\u0113j\u0101s temperat\u016bras.<br \/>\n** Apsild\u0101mais pakl\u0101js ir piem\u0113rots tikai lieto\u0161anai ar karstumiztur\u012bgu gr\u012bdas segumu.<\/p>\n","protected":false},"excerpt":{"rendered":"<p>Apsild\u0101mais pakl\u0101js gr\u012bdai pakl\u0101ja apak\u0161\u0101, uzst\u0101damais tie\u0161i uz parketa.<\/p>\n<p>Mi-Heat apsild\u0101mais pakl\u0101js ir praktisks un \u0113rts risin\u0101jums, kas nodro\u0161ina pat\u012bkamu siltumu k\u0101j\u0101m un iev\u0113rojami palielina dz\u012bvojam\u0101s telpas komfortu.<br \/>\nNeatkar\u012bgi no t\u0101, vai apsild\u0101mais pakl\u0101js tiek izmantots viesistab\u0101, m\u0101jas biroj\u0101 vai b\u0113rnu istab\u0101 \u2013 papildu siltums rada m\u0101j\u012bgu atmosf\u0113ru un uzlabo pa\u0161saj\u016btu.<\/p>\n<p>Sild\u012b\u0161anas pakl\u0101js ir piln\u012bb\u0101 gatavs lieto\u0161anai un neprasa papildu temperat\u016bras regul\u0113\u0161anu.<br \/>\nPakl\u0101ja virsmas temperat\u016bra sasniedz aptuveni +25 \u00b0C (atkar\u012bb\u0101 no gr\u012bdas st\u0101vok\u013ca), nodro\u0161inot vienm\u0113r\u012bgu un pat\u012bkamu siltuma izplat\u012b\u0161anos.<\/p>\n","protected":false},"featured_media":11398,"comment_status":"closed","ping_status":"closed","template":"","meta":{"_acf_changed":false,"_exactmetrics_skip_tracking":false,"_exactmetrics_sitenote_active":false,"_exactmetrics_sitenote_note":"","_exactmetrics_sitenote_category":0,"_monsterinsights_skip_tracking":false,"_monsterinsights_sitenote_active":false,"_monsterinsights_sitenote_note":"","_monsterinsights_sitenote_category":0},"product_brand":[],"product_cat":[749,758],"product_tag":[],"class_list":{"0":"post-15605","1":"product","2":"type-product","3":"status-publish","4":"has-post-thumbnail","6":"product_cat-apsildes-paklaji","7":"product_cat-lekstelpu-apsilde","8":"pa_soojendusega-vaibad-apsildams-paklajs-20-m-x-140-m-330-w-230-v","9":"pa_soojendusega-vaibad-apsildams-paklajs-28-m-x-180-m-610-w-230-v","11":"first","12":"outofstock","13":"taxable","14":"shipping-taxable","15":"purchasable","16":"product-type-variable"},"acf":[],"yoast_head":"<!-- This site is optimized with the Yoast SEO Premium plugin v27.5 (Yoast SEO v27.5) - https:\/\/yoast.com\/product\/yoast-seo-premium-wordpress\/ -->\n<title>Apsild\u0101mais pakl\u0101js gr\u012bdai - Heatline<\/title>\n<meta name=\"description\" content=\"Apsild\u0101mais pakl\u0101js gr\u012bdai pakl\u0101ja apak\u0161\u0101, uzst\u0101damais tie\u0161i uz parketa.\" \/>\n<meta name=\"robots\" content=\"index, follow, max-snippet:-1, max-image-preview:large, max-video-preview:-1\" \/>\n<link rel=\"canonical\" href=\"https:\/\/www.heatline.ee\/lv\/product\/apsildamais-paklajs-gridai\/\" \/>\n<meta property=\"og:locale\" content=\"lv_LV\" \/>\n<meta property=\"og:type\" content=\"article\" \/>\n<meta property=\"og:title\" content=\"Apsild\u0101mais pakl\u0101js gr\u012bdai\" \/>\n<meta property=\"og:description\" content=\"Apsild\u0101mais pakl\u0101js gr\u012bdai pakl\u0101ja apak\u0161\u0101, uzst\u0101damais tie\u0161i uz parketa.\" \/>\n<meta property=\"og:url\" content=\"https:\/\/www.heatline.ee\/lv\/product\/apsildamais-paklajs-gridai\/\" \/>\n<meta property=\"og:site_name\" content=\"Heatline\" \/>\n<meta property=\"article:publisher\" content=\"https:\/\/www.facebook.com\/Heatline.ee\/\" \/>\n<meta property=\"article:modified_time\" content=\"2026-03-18T21:07:00+00:00\" \/>\n<meta property=\"og:image\" content=\"https:\/\/www.heatline.ee\/wp-content\/uploads\/Kuttematt-vaiba-alla.jpg?_t=1773868021\" \/>\n\t<meta property=\"og:image:width\" content=\"800\" \/>\n\t<meta property=\"og:image:height\" content=\"800\" \/>\n\t<meta property=\"og:image:type\" content=\"image\/jpeg\" \/>\n<meta name=\"twitter:card\" content=\"summary_large_image\" \/>\n<meta name=\"twitter:label1\" content=\"Est. reading time\" \/>\n\t<meta name=\"twitter:data1\" content=\"1 minute\" \/>\n<script type=\"application\/ld+json\" class=\"yoast-schema-graph\">{\"@context\":\"https:\\\/\\\/schema.org\",\"@graph\":[{\"@type\":\"WebPage\",\"@id\":\"https:\\\/\\\/www.heatline.ee\\\/lv\\\/product\\\/apsildamais-paklajs-gridai\\\/\",\"url\":\"https:\\\/\\\/www.heatline.ee\\\/lv\\\/product\\\/apsildamais-paklajs-gridai\\\/\",\"name\":\"Apsild\u0101mais pakl\u0101js gr\u012bdai - Heatline\",\"isPartOf\":{\"@id\":\"https:\\\/\\\/www.heatline.ee\\\/lv\\\/#website\"},\"primaryImageOfPage\":{\"@id\":\"https:\\\/\\\/www.heatline.ee\\\/lv\\\/product\\\/apsildamais-paklajs-gridai\\\/#primaryimage\"},\"image\":{\"@id\":\"https:\\\/\\\/www.heatline.ee\\\/lv\\\/product\\\/apsildamais-paklajs-gridai\\\/#primaryimage\"},\"thumbnailUrl\":\"https:\\\/\\\/www.heatline.ee\\\/wp-content\\\/uploads\\\/Kuttematt-vaiba-alla.jpg\",\"datePublished\":\"2026-02-02T12:11:57+00:00\",\"dateModified\":\"2026-03-18T21:07:00+00:00\",\"description\":\"Apsild\u0101mais pakl\u0101js gr\u012bdai pakl\u0101ja apak\u0161\u0101, uzst\u0101damais tie\u0161i uz parketa.\",\"breadcrumb\":{\"@id\":\"https:\\\/\\\/www.heatline.ee\\\/lv\\\/product\\\/apsildamais-paklajs-gridai\\\/#breadcrumb\"},\"inLanguage\":\"lv-LV\",\"potentialAction\":[{\"@type\":\"ReadAction\",\"target\":[\"https:\\\/\\\/www.heatline.ee\\\/lv\\\/product\\\/apsildamais-paklajs-gridai\\\/\"]}]},{\"@type\":\"ImageObject\",\"inLanguage\":\"lv-LV\",\"@id\":\"https:\\\/\\\/www.heatline.ee\\\/lv\\\/product\\\/apsildamais-paklajs-gridai\\\/#primaryimage\",\"url\":\"https:\\\/\\\/www.heatline.ee\\\/wp-content\\\/uploads\\\/Kuttematt-vaiba-alla.jpg\",\"contentUrl\":\"https:\\\/\\\/www.heatline.ee\\\/wp-content\\\/uploads\\\/Kuttematt-vaiba-alla.jpg\",\"width\":800,\"height\":800,\"caption\":\"Soojendusmatt soojendusega vaip vaiba alla\"},{\"@type\":\"BreadcrumbList\",\"@id\":\"https:\\\/\\\/www.heatline.ee\\\/lv\\\/product\\\/apsildamais-paklajs-gridai\\\/#breadcrumb\",\"itemListElement\":[{\"@type\":\"ListItem\",\"position\":1,\"name\":\"Esileht\",\"item\":\"https:\\\/\\\/www.heatline.ee\\\/lv\\\/\"},{\"@type\":\"ListItem\",\"position\":2,\"name\":\"Shop\",\"item\":\"https:\\\/\\\/www.heatline.ee\\\/lv\\\/shop\\\/\"},{\"@type\":\"ListItem\",\"position\":3,\"name\":\"Apsild\u0101mais pakl\u0101js gr\u012bdai\"}]},{\"@type\":\"WebSite\",\"@id\":\"https:\\\/\\\/www.heatline.ee\\\/lv\\\/#website\",\"url\":\"https:\\\/\\\/www.heatline.ee\\\/lv\\\/\",\"name\":\"Heatline\",\"description\":\"K&uuml;ttekaablid, k&uuml;ttekehad, mahuti ja t&uuml;nni k&uuml;te, kuumutusahjud\",\"publisher\":{\"@id\":\"https:\\\/\\\/www.heatline.ee\\\/lv\\\/#organization\"},\"potentialAction\":[{\"@type\":\"SearchAction\",\"target\":{\"@type\":\"EntryPoint\",\"urlTemplate\":\"https:\\\/\\\/www.heatline.ee\\\/lv\\\/?s={search_term_string}\"},\"query-input\":{\"@type\":\"PropertyValueSpecification\",\"valueRequired\":true,\"valueName\":\"search_term_string\"}}],\"inLanguage\":\"lv-LV\"},{\"@type\":\"Organization\",\"@id\":\"https:\\\/\\\/www.heatline.ee\\\/lv\\\/#organization\",\"name\":\"Heatline O\u00dc\",\"url\":\"https:\\\/\\\/www.heatline.ee\\\/lv\\\/\",\"logo\":{\"@type\":\"ImageObject\",\"inLanguage\":\"lv-LV\",\"@id\":\"https:\\\/\\\/www.heatline.ee\\\/lv\\\/#\\\/schema\\\/logo\\\/image\\\/\",\"url\":\"https:\\\/\\\/www.heatline.ee\\\/wp-content\\\/uploads\\\/2019\\\/01\\\/heatline-logo.svg\",\"contentUrl\":\"https:\\\/\\\/www.heatline.ee\\\/wp-content\\\/uploads\\\/2019\\\/01\\\/heatline-logo.svg\",\"width\":214,\"height\":40,\"caption\":\"Heatline O\u00dc\"},\"image\":{\"@id\":\"https:\\\/\\\/www.heatline.ee\\\/lv\\\/#\\\/schema\\\/logo\\\/image\\\/\"},\"sameAs\":[\"https:\\\/\\\/www.facebook.com\\\/Heatline.ee\\\/\"]}]}<\/script>\n<!-- \/ Yoast SEO Premium plugin. -->","yoast_head_json":{"title":"Apsild\u0101mais pakl\u0101js gr\u012bdai - Heatline","description":"Apsild\u0101mais pakl\u0101js gr\u012bdai pakl\u0101ja apak\u0161\u0101, uzst\u0101damais tie\u0161i uz parketa.","robots":{"index":"index","follow":"follow","max-snippet":"max-snippet:-1","max-image-preview":"max-image-preview:large","max-video-preview":"max-video-preview:-1"},"canonical":"https:\/\/www.heatline.ee\/lv\/product\/apsildamais-paklajs-gridai\/","og_locale":"lv_LV","og_type":"article","og_title":"Apsild\u0101mais pakl\u0101js gr\u012bdai","og_description":"Apsild\u0101mais pakl\u0101js gr\u012bdai pakl\u0101ja apak\u0161\u0101, uzst\u0101damais tie\u0161i uz parketa.","og_url":"https:\/\/www.heatline.ee\/lv\/product\/apsildamais-paklajs-gridai\/","og_site_name":"Heatline","article_publisher":"https:\/\/www.facebook.com\/Heatline.ee\/","article_modified_time":"2026-03-18T21:07:00+00:00","og_image":[{"width":800,"height":800,"url":"https:\/\/www.heatline.ee\/wp-content\/uploads\/Kuttematt-vaiba-alla.jpg?_t=1773868021","type":"image\/jpeg"}],"twitter_card":"summary_large_image","twitter_misc":{"Est. reading time":"1 minute"},"schema":{"@context":"https:\/\/schema.org","@graph":[{"@type":"WebPage","@id":"https:\/\/www.heatline.ee\/lv\/product\/apsildamais-paklajs-gridai\/","url":"https:\/\/www.heatline.ee\/lv\/product\/apsildamais-paklajs-gridai\/","name":"Apsild\u0101mais pakl\u0101js gr\u012bdai - Heatline","isPartOf":{"@id":"https:\/\/www.heatline.ee\/lv\/#website"},"primaryImageOfPage":{"@id":"https:\/\/www.heatline.ee\/lv\/product\/apsildamais-paklajs-gridai\/#primaryimage"},"image":{"@id":"https:\/\/www.heatline.ee\/lv\/product\/apsildamais-paklajs-gridai\/#primaryimage"},"thumbnailUrl":"https:\/\/www.heatline.ee\/wp-content\/uploads\/Kuttematt-vaiba-alla.jpg","datePublished":"2026-02-02T12:11:57+00:00","dateModified":"2026-03-18T21:07:00+00:00","description":"Apsild\u0101mais pakl\u0101js gr\u012bdai pakl\u0101ja apak\u0161\u0101, uzst\u0101damais tie\u0161i uz parketa.","breadcrumb":{"@id":"https:\/\/www.heatline.ee\/lv\/product\/apsildamais-paklajs-gridai\/#breadcrumb"},"inLanguage":"lv-LV","potentialAction":[{"@type":"ReadAction","target":["https:\/\/www.heatline.ee\/lv\/product\/apsildamais-paklajs-gridai\/"]}]},{"@type":"ImageObject","inLanguage":"lv-LV","@id":"https:\/\/www.heatline.ee\/lv\/product\/apsildamais-paklajs-gridai\/#primaryimage","url":"https:\/\/www.heatline.ee\/wp-content\/uploads\/Kuttematt-vaiba-alla.jpg","contentUrl":"https:\/\/www.heatline.ee\/wp-content\/uploads\/Kuttematt-vaiba-alla.jpg","width":800,"height":800,"caption":"Soojendusmatt soojendusega vaip vaiba alla"},{"@type":"BreadcrumbList","@id":"https:\/\/www.heatline.ee\/lv\/product\/apsildamais-paklajs-gridai\/#breadcrumb","itemListElement":[{"@type":"ListItem","position":1,"name":"Esileht","item":"https:\/\/www.heatline.ee\/lv\/"},{"@type":"ListItem","position":2,"name":"Shop","item":"https:\/\/www.heatline.ee\/lv\/shop\/"},{"@type":"ListItem","position":3,"name":"Apsild\u0101mais pakl\u0101js gr\u012bdai"}]},{"@type":"WebSite","@id":"https:\/\/www.heatline.ee\/lv\/#website","url":"https:\/\/www.heatline.ee\/lv\/","name":"Heatline","description":"K&uuml;ttekaablid, k&uuml;ttekehad, mahuti ja t&uuml;nni k&uuml;te, kuumutusahjud","publisher":{"@id":"https:\/\/www.heatline.ee\/lv\/#organization"},"potentialAction":[{"@type":"SearchAction","target":{"@type":"EntryPoint","urlTemplate":"https:\/\/www.heatline.ee\/lv\/?s={search_term_string}"},"query-input":{"@type":"PropertyValueSpecification","valueRequired":true,"valueName":"search_term_string"}}],"inLanguage":"lv-LV"},{"@type":"Organization","@id":"https:\/\/www.heatline.ee\/lv\/#organization","name":"Heatline O\u00dc","url":"https:\/\/www.heatline.ee\/lv\/","logo":{"@type":"ImageObject","inLanguage":"lv-LV","@id":"https:\/\/www.heatline.ee\/lv\/#\/schema\/logo\/image\/","url":"https:\/\/www.heatline.ee\/wp-content\/uploads\/2019\/01\/heatline-logo.svg","contentUrl":"https:\/\/www.heatline.ee\/wp-content\/uploads\/2019\/01\/heatline-logo.svg","width":214,"height":40,"caption":"Heatline O\u00dc"},"image":{"@id":"https:\/\/www.heatline.ee\/lv\/#\/schema\/logo\/image\/"},"sameAs":["https:\/\/www.facebook.com\/Heatline.ee\/"]}]}},"_links":{"self":[{"href":"https:\/\/www.heatline.ee\/lv\/wp-json\/wp\/v2\/product\/15605","targetHints":{"allow":["GET"]}}],"collection":[{"href":"https:\/\/www.heatline.ee\/lv\/wp-json\/wp\/v2\/product"}],"about":[{"href":"https:\/\/www.heatline.ee\/lv\/wp-json\/wp\/v2\/types\/product"}],"replies":[{"embeddable":true,"href":"https:\/\/www.heatline.ee\/lv\/wp-json\/wp\/v2\/comments?post=15605"}],"wp:featuredmedia":[{"embeddable":true,"href":"https:\/\/www.heatline.ee\/lv\/wp-json\/wp\/v2\/media\/11398"}],"wp:attachment":[{"href":"https:\/\/www.heatline.ee\/lv\/wp-json\/wp\/v2\/media?parent=15605"}],"wp:term":[{"taxonomy":"product_brand","embeddable":true,"href":"https:\/\/www.heatline.ee\/lv\/wp-json\/wp\/v2\/product_brand?post=15605"},{"taxonomy":"product_cat","embeddable":true,"href":"https:\/\/www.heatline.ee\/lv\/wp-json\/wp\/v2\/product_cat?post=15605"},{"taxonomy":"product_tag","embeddable":true,"href":"https:\/\/www.heatline.ee\/lv\/wp-json\/wp\/v2\/product_tag?post=15605"}],"curies":[{"name":"wp","href":"https:\/\/api.w.org\/{rel}","templated":true}]}}