{"id":10314,"date":"2025-06-17T19:36:34","date_gmt":"2025-06-17T16:36:34","guid":{"rendered":"https:\/\/www.heatline.ee\/kontakts\/"},"modified":"2025-06-25T11:32:19","modified_gmt":"2025-06-25T08:32:19","slug":"kontakts","status":"publish","type":"page","link":"https:\/\/www.heatline.ee\/lv\/kontakts\/","title":{"rendered":"Kontakts"},"content":{"rendered":"<div id=\"pl-10314\"  class=\"panel-layout\" ><div id=\"pg-10314-0\"  class=\"panel-grid panel-no-style\" ><div id=\"pgc-10314-0-0\"  class=\"panel-grid-cell panel-grid-cell-empty\" ><div class=\"hero-bg subsite panel-cell-style panel-cell-style-for-10314-0-0\" ><\/div><\/div><div id=\"pgc-10314-0-1\"  class=\"panel-grid-cell\" ><div class=\"main-hero panel-cell-style panel-cell-style-for-10314-0-1\" ><div id=\"panel-10314-0-1-0\" class=\"so-panel widget widget_sow-editor panel-first-child panel-last-child\" data-index=\"0\" ><div class=\"hero-bg-text contact-us panel-widget-style panel-widget-style-for-10314-0-1-0\" ><div\n\t\t\t\n\t\t\tclass=\"so-widget-sow-editor so-widget-sow-editor-base\"\n\t\t\t\n\t\t>\n<div class=\"siteorigin-widget-tinymce textwidget\">\n\t<h2>Sazinies ar mums<\/h2>\n<p><\/p>\n<h3>HEATLINE O\u00dc<\/h3>\n<p>Konsult\u0101cijas, p\u0101rdo\u0161ana<br \/>Klientu apkalpo\u0161ana<br \/>info@heatline.ee<br \/>+372 53033990<br \/>Tallinn, N\u00f5mme<br \/>Estonia<br \/>Birojs \/ Noliktava<br \/>Reg nr. 14583123<br \/>KMKR nr EE102127357<\/p>\n\n<div class=\"wpcf7 no-js\" id=\"wpcf7-f7477-o1\" lang=\"et\" dir=\"ltr\" data-wpcf7-id=\"7477\">\n<div class=\"screen-reader-response\"><p role=\"status\" aria-live=\"polite\" aria-atomic=\"true\"><\/p> <ul><\/ul><\/div>\n<form action=\"\/lv\/wp-json\/wp\/v2\/pages\/10314#wpcf7-f7477-o1\" method=\"post\" class=\"wpcf7-form init\" aria-label=\"Contact form\" novalidate=\"novalidate\" data-status=\"init\">\n<fieldset class=\"hidden-fields-container\"><input type=\"hidden\" name=\"_wpcf7\" value=\"7477\" \/><input type=\"hidden\" name=\"_wpcf7_version\" value=\"6.1.5\" \/><input type=\"hidden\" name=\"_wpcf7_locale\" value=\"et\" \/><input type=\"hidden\" name=\"_wpcf7_unit_tag\" value=\"wpcf7-f7477-o1\" \/><input type=\"hidden\" name=\"_wpcf7_container_post\" value=\"0\" \/><input type=\"hidden\" name=\"_wpcf7_posted_data_hash\" value=\"\" \/><input type=\"hidden\" name=\"_wpcf7_recaptcha_response\" value=\"\" \/>\n<\/fieldset>\n<div class=\"cf7-row\">\n\t<p><span class=\"wpcf7-form-control-wrap\" data-name=\"nimi\"><input size=\"40\" maxlength=\"400\" class=\"wpcf7-form-control wpcf7-text\" aria-invalid=\"false\" placeholder=\"Your name\" value=\"\" type=\"text\" name=\"nimi\" \/><\/span>\n\t<\/p>\n<\/div>\n<div class=\"cf7-row\">\n\t<p><span class=\"wpcf7-form-control-wrap\" data-name=\"epost\"><input size=\"40\" maxlength=\"400\" class=\"wpcf7-form-control wpcf7-email wpcf7-validates-as-required wpcf7-text wpcf7-validates-as-email\" aria-required=\"true\" aria-invalid=\"false\" placeholder=\"Your email address*\" value=\"\" type=\"email\" name=\"epost\" \/><\/span>\n\t<\/p>\n<\/div>\n<div class=\"cf7-row\">\n\t<p><span class=\"wpcf7-form-control-wrap\" data-name=\"telefon\"><input size=\"40\" maxlength=\"400\" class=\"wpcf7-form-control wpcf7-tel wpcf7-validates-as-required wpcf7-text wpcf7-validates-as-tel\" aria-required=\"true\" aria-invalid=\"false\" placeholder=\"Your Phone*\" value=\"\" type=\"tel\" name=\"telefon\" \/><\/span>\n\t<\/p>\n<\/div>\n<div class=\"cf7-row\">\n\t<p><span class=\"wpcf7-form-control-wrap\" data-name=\"kirjasisu\"><textarea cols=\"40\" rows=\"10\" maxlength=\"2000\" class=\"wpcf7-form-control wpcf7-textarea\" aria-invalid=\"false\" placeholder=\"Content of the letter \/ questions\" name=\"kirjasisu\"><\/textarea><\/span>\n\t<\/p>\n<\/div>\n<div class=\"cf7-row\">\n\t<p><input class=\"wpcf7-form-control wpcf7-submit has-spinner cf7-send-btn\" type=\"submit\" value=\"SEND\" \/>\n\t<\/p>\n<\/div><div class=\"wpcf7-response-output\" aria-hidden=\"true\"><\/div>\n<\/form>\n<\/div>\n\n<\/div>\n<\/div><\/div><\/div><\/div><\/div><\/div><\/div>","protected":false},"excerpt":{"rendered":"<p>Sazinies ar mumsHEATLINE O\u00dcKonsult\u0101cijas, p\u0101rdo\u0161anaKlientu apkalpo\u0161anainfo@heatline.ee+372 53033990Tallinn, N\u00f5mmeEstoniaBirojs \/ NoliktavaReg nr. 14583123KMKR nr EE102127357<\/p>\n","protected":false},"author":1,"featured_media":0,"parent":0,"menu_order":0,"comment_status":"closed","ping_status":"closed","template":"","meta":{"_acf_changed":false,"_exactmetrics_skip_tracking":false,"_exactmetrics_sitenote_active":false,"_exactmetrics_sitenote_note":"","_exactmetrics_sitenote_category":0,"_monsterinsights_skip_tracking":false,"_monsterinsights_sitenote_active":false,"_monsterinsights_sitenote_note":"","_monsterinsights_sitenote_category":0,"footnotes":""},"class_list":["post-10314","page","type-page","status-publish","hentry"],"acf":[],"yoast_head":"<!-- This site is optimized with the Yoast SEO Premium plugin v27.3 (Yoast SEO v27.3) - https:\/\/yoast.com\/product\/yoast-seo-premium-wordpress\/ -->\n<title>Kontakts - Heatline<\/title>\n<meta name=\"robots\" content=\"index, follow, max-snippet:-1, max-image-preview:large, max-video-preview:-1\" \/>\n<link rel=\"canonical\" href=\"https:\/\/www.heatline.ee\/lv\/kontakts\/\" \/>\n<meta property=\"og:locale\" content=\"lv_LV\" \/>\n<meta property=\"og:type\" content=\"article\" \/>\n<meta property=\"og:title\" content=\"Kontakts\" \/>\n<meta property=\"og:description\" content=\"Sazinies ar mumsHEATLINE O\u00dcKonsult\u0101cijas, p\u0101rdo\u0161anaKlientu apkalpo\u0161anainfo@heatline.ee+372 53033990Tallinn, N\u00f5mmeEstoniaBirojs \/ NoliktavaReg nr. 14583123KMKR nr EE102127357\" \/>\n<meta property=\"og:url\" content=\"https:\/\/www.heatline.ee\/lv\/kontakts\/\" \/>\n<meta property=\"og:site_name\" content=\"Heatline\" \/>\n<meta property=\"article:publisher\" content=\"https:\/\/www.facebook.com\/Heatline.ee\/\" \/>\n<meta property=\"article:modified_time\" content=\"2025-06-25T08:32:19+00:00\" \/>\n<meta name=\"twitter:card\" content=\"summary_large_image\" \/>\n<script type=\"application\/ld+json\" class=\"yoast-schema-graph\">{\"@context\":\"https:\\\/\\\/schema.org\",\"@graph\":[{\"@type\":\"WebPage\",\"@id\":\"https:\\\/\\\/www.heatline.ee\\\/lv\\\/kontakts\\\/\",\"url\":\"https:\\\/\\\/www.heatline.ee\\\/lv\\\/kontakts\\\/\",\"name\":\"Kontakts - Heatline\",\"isPartOf\":{\"@id\":\"https:\\\/\\\/www.heatline.ee\\\/lv\\\/#website\"},\"datePublished\":\"2025-06-17T16:36:34+00:00\",\"dateModified\":\"2025-06-25T08:32:19+00:00\",\"breadcrumb\":{\"@id\":\"https:\\\/\\\/www.heatline.ee\\\/lv\\\/kontakts\\\/#breadcrumb\"},\"inLanguage\":\"lv-LV\",\"potentialAction\":[{\"@type\":\"ReadAction\",\"target\":[\"https:\\\/\\\/www.heatline.ee\\\/lv\\\/kontakts\\\/\"]}]},{\"@type\":\"BreadcrumbList\",\"@id\":\"https:\\\/\\\/www.heatline.ee\\\/lv\\\/kontakts\\\/#breadcrumb\",\"itemListElement\":[{\"@type\":\"ListItem\",\"position\":1,\"name\":\"Esileht\",\"item\":\"https:\\\/\\\/www.heatline.ee\\\/lv\\\/\"},{\"@type\":\"ListItem\",\"position\":2,\"name\":\"Kontakts\"}]},{\"@type\":\"WebSite\",\"@id\":\"https:\\\/\\\/www.heatline.ee\\\/lv\\\/#website\",\"url\":\"https:\\\/\\\/www.heatline.ee\\\/lv\\\/\",\"name\":\"Heatline\",\"description\":\"K&uuml;ttekaablid, k&uuml;ttekehad, mahuti ja t&uuml;nni k&uuml;te, kuumutusahjud\",\"publisher\":{\"@id\":\"https:\\\/\\\/www.heatline.ee\\\/lv\\\/#organization\"},\"potentialAction\":[{\"@type\":\"SearchAction\",\"target\":{\"@type\":\"EntryPoint\",\"urlTemplate\":\"https:\\\/\\\/www.heatline.ee\\\/lv\\\/?s={search_term_string}\"},\"query-input\":{\"@type\":\"PropertyValueSpecification\",\"valueRequired\":true,\"valueName\":\"search_term_string\"}}],\"inLanguage\":\"lv-LV\"},{\"@type\":\"Organization\",\"@id\":\"https:\\\/\\\/www.heatline.ee\\\/lv\\\/#organization\",\"name\":\"Heatline O\u00dc\",\"url\":\"https:\\\/\\\/www.heatline.ee\\\/lv\\\/\",\"logo\":{\"@type\":\"ImageObject\",\"inLanguage\":\"lv-LV\",\"@id\":\"https:\\\/\\\/www.heatline.ee\\\/lv\\\/#\\\/schema\\\/logo\\\/image\\\/\",\"url\":\"https:\\\/\\\/www.heatline.ee\\\/wp-content\\\/uploads\\\/2019\\\/01\\\/heatline-logo.svg\",\"contentUrl\":\"https:\\\/\\\/www.heatline.ee\\\/wp-content\\\/uploads\\\/2019\\\/01\\\/heatline-logo.svg\",\"width\":214,\"height\":40,\"caption\":\"Heatline O\u00dc\"},\"image\":{\"@id\":\"https:\\\/\\\/www.heatline.ee\\\/lv\\\/#\\\/schema\\\/logo\\\/image\\\/\"},\"sameAs\":[\"https:\\\/\\\/www.facebook.com\\\/Heatline.ee\\\/\"]}]}<\/script>\n<!-- \/ Yoast SEO Premium plugin. -->","yoast_head_json":{"title":"Kontakts - Heatline","robots":{"index":"index","follow":"follow","max-snippet":"max-snippet:-1","max-image-preview":"max-image-preview:large","max-video-preview":"max-video-preview:-1"},"canonical":"https:\/\/www.heatline.ee\/lv\/kontakts\/","og_locale":"lv_LV","og_type":"article","og_title":"Kontakts","og_description":"Sazinies ar mumsHEATLINE O\u00dcKonsult\u0101cijas, p\u0101rdo\u0161anaKlientu apkalpo\u0161anainfo@heatline.ee+372 53033990Tallinn, N\u00f5mmeEstoniaBirojs \/ NoliktavaReg nr. 14583123KMKR nr EE102127357","og_url":"https:\/\/www.heatline.ee\/lv\/kontakts\/","og_site_name":"Heatline","article_publisher":"https:\/\/www.facebook.com\/Heatline.ee\/","article_modified_time":"2025-06-25T08:32:19+00:00","twitter_card":"summary_large_image","schema":{"@context":"https:\/\/schema.org","@graph":[{"@type":"WebPage","@id":"https:\/\/www.heatline.ee\/lv\/kontakts\/","url":"https:\/\/www.heatline.ee\/lv\/kontakts\/","name":"Kontakts - Heatline","isPartOf":{"@id":"https:\/\/www.heatline.ee\/lv\/#website"},"datePublished":"2025-06-17T16:36:34+00:00","dateModified":"2025-06-25T08:32:19+00:00","breadcrumb":{"@id":"https:\/\/www.heatline.ee\/lv\/kontakts\/#breadcrumb"},"inLanguage":"lv-LV","potentialAction":[{"@type":"ReadAction","target":["https:\/\/www.heatline.ee\/lv\/kontakts\/"]}]},{"@type":"BreadcrumbList","@id":"https:\/\/www.heatline.ee\/lv\/kontakts\/#breadcrumb","itemListElement":[{"@type":"ListItem","position":1,"name":"Esileht","item":"https:\/\/www.heatline.ee\/lv\/"},{"@type":"ListItem","position":2,"name":"Kontakts"}]},{"@type":"WebSite","@id":"https:\/\/www.heatline.ee\/lv\/#website","url":"https:\/\/www.heatline.ee\/lv\/","name":"Heatline","description":"K&uuml;ttekaablid, k&uuml;ttekehad, mahuti ja t&uuml;nni k&uuml;te, kuumutusahjud","publisher":{"@id":"https:\/\/www.heatline.ee\/lv\/#organization"},"potentialAction":[{"@type":"SearchAction","target":{"@type":"EntryPoint","urlTemplate":"https:\/\/www.heatline.ee\/lv\/?s={search_term_string}"},"query-input":{"@type":"PropertyValueSpecification","valueRequired":true,"valueName":"search_term_string"}}],"inLanguage":"lv-LV"},{"@type":"Organization","@id":"https:\/\/www.heatline.ee\/lv\/#organization","name":"Heatline O\u00dc","url":"https:\/\/www.heatline.ee\/lv\/","logo":{"@type":"ImageObject","inLanguage":"lv-LV","@id":"https:\/\/www.heatline.ee\/lv\/#\/schema\/logo\/image\/","url":"https:\/\/www.heatline.ee\/wp-content\/uploads\/2019\/01\/heatline-logo.svg","contentUrl":"https:\/\/www.heatline.ee\/wp-content\/uploads\/2019\/01\/heatline-logo.svg","width":214,"height":40,"caption":"Heatline O\u00dc"},"image":{"@id":"https:\/\/www.heatline.ee\/lv\/#\/schema\/logo\/image\/"},"sameAs":["https:\/\/www.facebook.com\/Heatline.ee\/"]}]}},"_links":{"self":[{"href":"https:\/\/www.heatline.ee\/lv\/wp-json\/wp\/v2\/pages\/10314","targetHints":{"allow":["GET"]}}],"collection":[{"href":"https:\/\/www.heatline.ee\/lv\/wp-json\/wp\/v2\/pages"}],"about":[{"href":"https:\/\/www.heatline.ee\/lv\/wp-json\/wp\/v2\/types\/page"}],"author":[{"embeddable":true,"href":"https:\/\/www.heatline.ee\/lv\/wp-json\/wp\/v2\/users\/1"}],"replies":[{"embeddable":true,"href":"https:\/\/www.heatline.ee\/lv\/wp-json\/wp\/v2\/comments?post=10314"}],"version-history":[{"count":1,"href":"https:\/\/www.heatline.ee\/lv\/wp-json\/wp\/v2\/pages\/10314\/revisions"}],"predecessor-version":[{"id":10649,"href":"https:\/\/www.heatline.ee\/lv\/wp-json\/wp\/v2\/pages\/10314\/revisions\/10649"}],"wp:attachment":[{"href":"https:\/\/www.heatline.ee\/lv\/wp-json\/wp\/v2\/media?parent=10314"}],"curies":[{"name":"wp","href":"https:\/\/api.w.org\/{rel}","templated":true}]}}