{"id":15854,"date":"2026-02-02T14:16:30","date_gmt":"2026-02-02T12:16:30","guid":{"rendered":"https:\/\/www.heatline.ee\/product\/jalkojenlammitin-40x50-cm-jalkakytkimella\/"},"modified":"2026-04-24T09:45:30","modified_gmt":"2026-04-24T06:45:30","slug":"jalkojenlammitin-jalkakytkimella","status":"publish","type":"product","link":"https:\/\/www.heatline.ee\/fi\/tuote\/jalkojenlammitin-jalkakytkimella\/","title":{"rendered":"Jalkojenl\u00e4mmitin 40\u00d750 cm jalkakytkimell\u00e4"},"content":{"rendered":"<p data-start=\"0\" data-end=\"92\"><strong data-start=\"0\" data-end=\"90\">Jalkojenl\u00e4mmitin 40\u00d750 cm, kytkimell\u00e4, s\u00e4\u00e4timell\u00e4 ja ajastimella<\/strong><\/p>\n<p data-start=\"94\" data-end=\"468\"><strong data-start=\"94\" data-end=\"105\">Ohjaus:<\/strong>\u00a0jalkakytkimell\u00e4 varustettu termostaatti \u2013 helppo kytke\u00e4 p\u00e4\u00e4lle ja pois varpaalla painamalla.<br data-start=\"198\" data-end=\"201\" \/><strong data-start=\"201\" data-end=\"218\">L\u00e4mm\u00f6n s\u00e4\u00e4t\u00f6:<\/strong>\u00a04 eri l\u00e4mp\u00f6tilatasoa.<br data-start=\"240\" data-end=\"243\" data-is-only-node=\"\" \/><strong data-start=\"243\" data-end=\"257\">L\u00e4mp\u00f6tila:<\/strong>\u00a0enint\u00e4\u00e4n 45 \u00b0C.<br data-start=\"273\" data-end=\"276\" \/><strong data-start=\"276\" data-end=\"288\">Ajastin:<\/strong>\u00a0kiinte\u00e4 3 tunnin k\u00e4ytt\u00f6jakso (katkaisee virran automaattisesti sen j\u00e4lkeen).<br data-start=\"365\" data-end=\"368\" \/><strong data-start=\"368\" data-end=\"385\">Turvallisuus:<\/strong>\u00a0liukumaton tausta.<br data-start=\"404\" data-end=\"407\" \/><strong data-start=\"407\" data-end=\"422\">Materiaali:<\/strong> PVC ja matto, helppo pit\u00e4\u00e4 puhtaana.<\/p>\n<p data-start=\"470\" data-end=\"591\"><strong data-start=\"470\" data-end=\"488\">Jalkojenl\u00e4mmitin k\u00e4ytt\u00f6kohteet:<\/strong>\u00a0jalkojen alla toimistossa, kotona tai ty\u00f6pisteell\u00e4 istuttaessa \u2013 pit\u00e4\u00e4 jalat miellytt\u00e4v\u00e4n l\u00e4mpimin\u00e4.<\/p>\n<p data-start=\"593\" data-end=\"747\" data-is-last-node=\"\" data-is-only-node=\"\">Jalkojen l\u00e4mmitin on helppok\u00e4ytt\u00f6inen. Koko 40\u00d750 cm tekee siit\u00e4 t\u00e4ydellisen kirjoitusp\u00f6yd\u00e4n alle asetettavaksi.<\/p>\n","protected":false},"excerpt":{"rendered":"<p data-start=\"0\" data-end=\"113\"><strong data-start=\"0\" data-end=\"111\">Jalkojenl\u00e4mmitin Mi-Heat 40\u00d750 cm, jalkakytkimell\u00e4, 4 l\u00e4mp\u00f6tilatasoa, ajastimella, 65W 230V<\/strong><\/p>\n<p data-start=\"0\" data-end=\"113\">Jalkal\u00e4mmitin (40\u00d750 cm) pit\u00e4\u00e4 jalat miellytt\u00e4v\u00e4n l\u00e4mpimin\u00e4 \u2013 ihanteellinen kotiin, toimistoon tai ty\u00f6tiloihin. Jalkakytkimen ansiosta jalkojen l\u00e4mmitysmatto on helppo kytke\u00e4 p\u00e4\u00e4lle ja pois, ja\u00a0<strong>nelj\u00e4 eri l\u00e4mp\u00f6tilatasoa<\/strong>\u00a0mahdollistavat juuri sopivan l\u00e4mm\u00f6n valinnan, jopa 45 \u00b0C asti. Jalkojen l\u00e4mmitysmatto sopii my\u00f6s eteiseen kenkien kuivaamiseen. Jalkal\u00e4mmitin on valmistettu Saksassa.<\/p>\n<p data-start=\"514\" data-end=\"576\" data-is-last-node=\"\" data-is-only-node=\"\"><strong data-start=\"514\" data-end=\"576\" data-is-last-node=\"\">Hinta: 47,00 \u20ac<\/strong><\/p>\n","protected":false},"featured_media":11968,"comment_status":"closed","ping_status":"closed","template":"","meta":{"_acf_changed":false,"_exactmetrics_skip_tracking":false,"_exactmetrics_sitenote_active":false,"_exactmetrics_sitenote_note":"","_exactmetrics_sitenote_category":0,"_monsterinsights_skip_tracking":false,"_monsterinsights_sitenote_active":false,"_monsterinsights_sitenote_note":"","_monsterinsights_sitenote_category":0},"product_brand":[],"product_cat":[752],"product_tag":[],"class_list":{"0":"post-15854","1":"product","2":"type-product","3":"status-publish","4":"has-post-thumbnail","6":"product_cat-lammitysmatot","8":"first","9":"instock","10":"taxable","11":"shipping-taxable","12":"purchasable","13":"product-type-simple"},"acf":[],"yoast_head":"<!-- This site is optimized with the Yoast SEO Premium plugin v27.5 (Yoast SEO v27.5) - https:\/\/yoast.com\/product\/yoast-seo-premium-wordpress\/ -->\n<title>Jalkojenl\u00e4mmitin 40\u00d750 cm jalkakytkimell\u00e4 - Heatline<\/title>\n<meta name=\"description\" content=\"Jalkojenl\u00e4mmitin Mi-Heat 40\u00d750 cm, jalkakytkimell\u00e4, 4 l\u00e4mp\u00f6tilatasoa, ajastimella. Jalkojen l\u00e4mmitin \/ Jalkal\u00e4mmitin\" \/>\n<meta name=\"robots\" content=\"index, follow, max-snippet:-1, max-image-preview:large, max-video-preview:-1\" \/>\n<link rel=\"canonical\" href=\"https:\/\/www.heatline.ee\/fi\/tuote\/jalkojenlammitin-jalkakytkimella\/\" \/>\n<meta property=\"og:locale\" content=\"fi_FI\" \/>\n<meta property=\"og:type\" content=\"article\" \/>\n<meta property=\"og:title\" content=\"Jalkojenl\u00e4mmitin 40\u00d750 cm jalkakytkimell\u00e4\" \/>\n<meta property=\"og:description\" content=\"Jalkojenl\u00e4mmitin Mi-Heat 40\u00d750 cm, jalkakytkimell\u00e4, 4 l\u00e4mp\u00f6tilatasoa, ajastimella. Jalkojen l\u00e4mmitin \/ Jalkal\u00e4mmitin\" \/>\n<meta property=\"og:url\" content=\"https:\/\/www.heatline.ee\/fi\/tuote\/jalkojenlammitin-jalkakytkimella\/\" \/>\n<meta property=\"og:site_name\" content=\"Heatline\" \/>\n<meta property=\"article:publisher\" content=\"https:\/\/www.facebook.com\/Heatline.ee\/\" \/>\n<meta property=\"article:modified_time\" content=\"2026-04-24T06:45:30+00:00\" \/>\n<meta property=\"og:image\" content=\"https:\/\/www.heatline.ee\/wp-content\/uploads\/soojendusmatt.webp?_t=1777013130\" \/>\n\t<meta property=\"og:image:width\" content=\"1500\" \/>\n\t<meta property=\"og:image:height\" content=\"1160\" \/>\n\t<meta property=\"og:image:type\" content=\"image\/webp\" \/>\n<meta name=\"twitter:card\" content=\"summary_large_image\" \/>\n<meta name=\"twitter:label1\" content=\"Arvioitu lukuaika\" \/>\n\t<meta name=\"twitter:data1\" content=\"1 minuutti\" \/>\n<script type=\"application\/ld+json\" class=\"yoast-schema-graph\">{\"@context\":\"https:\\\/\\\/schema.org\",\"@graph\":[{\"@type\":\"WebPage\",\"@id\":\"https:\\\/\\\/www.heatline.ee\\\/fi\\\/tuote\\\/jalkojenlammitin-jalkakytkimella\\\/\",\"url\":\"https:\\\/\\\/www.heatline.ee\\\/fi\\\/tuote\\\/jalkojenlammitin-jalkakytkimella\\\/\",\"name\":\"Jalkojenl\u00e4mmitin 40\u00d750 cm jalkakytkimell\u00e4 - Heatline\",\"isPartOf\":{\"@id\":\"https:\\\/\\\/www.heatline.ee\\\/fi\\\/#website\"},\"primaryImageOfPage\":{\"@id\":\"https:\\\/\\\/www.heatline.ee\\\/fi\\\/tuote\\\/jalkojenlammitin-jalkakytkimella\\\/#primaryimage\"},\"image\":{\"@id\":\"https:\\\/\\\/www.heatline.ee\\\/fi\\\/tuote\\\/jalkojenlammitin-jalkakytkimella\\\/#primaryimage\"},\"thumbnailUrl\":\"https:\\\/\\\/www.heatline.ee\\\/wp-content\\\/uploads\\\/soojendusmatt.webp\",\"datePublished\":\"2026-02-02T12:16:30+00:00\",\"dateModified\":\"2026-04-24T06:45:30+00:00\",\"description\":\"Jalkojenl\u00e4mmitin Mi-Heat 40\u00d750 cm, jalkakytkimell\u00e4, 4 l\u00e4mp\u00f6tilatasoa, ajastimella. Jalkojen l\u00e4mmitin \\\/ Jalkal\u00e4mmitin\",\"breadcrumb\":{\"@id\":\"https:\\\/\\\/www.heatline.ee\\\/fi\\\/tuote\\\/jalkojenlammitin-jalkakytkimella\\\/#breadcrumb\"},\"inLanguage\":\"fi\",\"potentialAction\":[{\"@type\":\"ReadAction\",\"target\":[\"https:\\\/\\\/www.heatline.ee\\\/fi\\\/tuote\\\/jalkojenlammitin-jalkakytkimella\\\/\"]}]},{\"@type\":\"ImageObject\",\"inLanguage\":\"fi\",\"@id\":\"https:\\\/\\\/www.heatline.ee\\\/fi\\\/tuote\\\/jalkojenlammitin-jalkakytkimella\\\/#primaryimage\",\"url\":\"https:\\\/\\\/www.heatline.ee\\\/wp-content\\\/uploads\\\/soojendusmatt.webp\",\"contentUrl\":\"https:\\\/\\\/www.heatline.ee\\\/wp-content\\\/uploads\\\/soojendusmatt.webp\",\"width\":1500,\"height\":1160,\"caption\":\"jalgade soojendusmatt\"},{\"@type\":\"BreadcrumbList\",\"@id\":\"https:\\\/\\\/www.heatline.ee\\\/fi\\\/tuote\\\/jalkojenlammitin-jalkakytkimella\\\/#breadcrumb\",\"itemListElement\":[{\"@type\":\"ListItem\",\"position\":1,\"name\":\"Esileht\",\"item\":\"https:\\\/\\\/www.heatline.ee\\\/fi\\\/\"},{\"@type\":\"ListItem\",\"position\":2,\"name\":\"Kauppa\",\"item\":\"https:\\\/\\\/www.heatline.ee\\\/fi\\\/kauppa\\\/\"},{\"@type\":\"ListItem\",\"position\":3,\"name\":\"Jalkojenl\u00e4mmitin 40\u00d750 cm 65W\"}]},{\"@type\":\"WebSite\",\"@id\":\"https:\\\/\\\/www.heatline.ee\\\/fi\\\/#website\",\"url\":\"https:\\\/\\\/www.heatline.ee\\\/fi\\\/\",\"name\":\"Heatline\",\"description\":\"K&uuml;ttekaablid, k&uuml;ttekehad, mahuti ja t&uuml;nni k&uuml;te, kuumutusahjud\",\"publisher\":{\"@id\":\"https:\\\/\\\/www.heatline.ee\\\/fi\\\/#organization\"},\"potentialAction\":[{\"@type\":\"SearchAction\",\"target\":{\"@type\":\"EntryPoint\",\"urlTemplate\":\"https:\\\/\\\/www.heatline.ee\\\/fi\\\/?s={search_term_string}\"},\"query-input\":{\"@type\":\"PropertyValueSpecification\",\"valueRequired\":true,\"valueName\":\"search_term_string\"}}],\"inLanguage\":\"fi\"},{\"@type\":\"Organization\",\"@id\":\"https:\\\/\\\/www.heatline.ee\\\/fi\\\/#organization\",\"name\":\"Heatline O\u00dc\",\"url\":\"https:\\\/\\\/www.heatline.ee\\\/fi\\\/\",\"logo\":{\"@type\":\"ImageObject\",\"inLanguage\":\"fi\",\"@id\":\"https:\\\/\\\/www.heatline.ee\\\/fi\\\/#\\\/schema\\\/logo\\\/image\\\/\",\"url\":\"https:\\\/\\\/www.heatline.ee\\\/wp-content\\\/uploads\\\/2019\\\/01\\\/heatline-logo.svg\",\"contentUrl\":\"https:\\\/\\\/www.heatline.ee\\\/wp-content\\\/uploads\\\/2019\\\/01\\\/heatline-logo.svg\",\"width\":214,\"height\":40,\"caption\":\"Heatline O\u00dc\"},\"image\":{\"@id\":\"https:\\\/\\\/www.heatline.ee\\\/fi\\\/#\\\/schema\\\/logo\\\/image\\\/\"},\"sameAs\":[\"https:\\\/\\\/www.facebook.com\\\/Heatline.ee\\\/\"]}]}<\/script>\n<!-- \/ Yoast SEO Premium plugin. -->","yoast_head_json":{"title":"Jalkojenl\u00e4mmitin 40\u00d750 cm jalkakytkimell\u00e4 - Heatline","description":"Jalkojenl\u00e4mmitin Mi-Heat 40\u00d750 cm, jalkakytkimell\u00e4, 4 l\u00e4mp\u00f6tilatasoa, ajastimella. Jalkojen l\u00e4mmitin \/ Jalkal\u00e4mmitin","robots":{"index":"index","follow":"follow","max-snippet":"max-snippet:-1","max-image-preview":"max-image-preview:large","max-video-preview":"max-video-preview:-1"},"canonical":"https:\/\/www.heatline.ee\/fi\/tuote\/jalkojenlammitin-jalkakytkimella\/","og_locale":"fi_FI","og_type":"article","og_title":"Jalkojenl\u00e4mmitin 40\u00d750 cm jalkakytkimell\u00e4","og_description":"Jalkojenl\u00e4mmitin Mi-Heat 40\u00d750 cm, jalkakytkimell\u00e4, 4 l\u00e4mp\u00f6tilatasoa, ajastimella. Jalkojen l\u00e4mmitin \/ Jalkal\u00e4mmitin","og_url":"https:\/\/www.heatline.ee\/fi\/tuote\/jalkojenlammitin-jalkakytkimella\/","og_site_name":"Heatline","article_publisher":"https:\/\/www.facebook.com\/Heatline.ee\/","article_modified_time":"2026-04-24T06:45:30+00:00","og_image":[{"width":1500,"height":1160,"url":"https:\/\/www.heatline.ee\/wp-content\/uploads\/soojendusmatt.webp?_t=1777013130","type":"image\/webp"}],"twitter_card":"summary_large_image","twitter_misc":{"Arvioitu lukuaika":"1 minuutti"},"schema":{"@context":"https:\/\/schema.org","@graph":[{"@type":"WebPage","@id":"https:\/\/www.heatline.ee\/fi\/tuote\/jalkojenlammitin-jalkakytkimella\/","url":"https:\/\/www.heatline.ee\/fi\/tuote\/jalkojenlammitin-jalkakytkimella\/","name":"Jalkojenl\u00e4mmitin 40\u00d750 cm jalkakytkimell\u00e4 - Heatline","isPartOf":{"@id":"https:\/\/www.heatline.ee\/fi\/#website"},"primaryImageOfPage":{"@id":"https:\/\/www.heatline.ee\/fi\/tuote\/jalkojenlammitin-jalkakytkimella\/#primaryimage"},"image":{"@id":"https:\/\/www.heatline.ee\/fi\/tuote\/jalkojenlammitin-jalkakytkimella\/#primaryimage"},"thumbnailUrl":"https:\/\/www.heatline.ee\/wp-content\/uploads\/soojendusmatt.webp","datePublished":"2026-02-02T12:16:30+00:00","dateModified":"2026-04-24T06:45:30+00:00","description":"Jalkojenl\u00e4mmitin Mi-Heat 40\u00d750 cm, jalkakytkimell\u00e4, 4 l\u00e4mp\u00f6tilatasoa, ajastimella. Jalkojen l\u00e4mmitin \/ Jalkal\u00e4mmitin","breadcrumb":{"@id":"https:\/\/www.heatline.ee\/fi\/tuote\/jalkojenlammitin-jalkakytkimella\/#breadcrumb"},"inLanguage":"fi","potentialAction":[{"@type":"ReadAction","target":["https:\/\/www.heatline.ee\/fi\/tuote\/jalkojenlammitin-jalkakytkimella\/"]}]},{"@type":"ImageObject","inLanguage":"fi","@id":"https:\/\/www.heatline.ee\/fi\/tuote\/jalkojenlammitin-jalkakytkimella\/#primaryimage","url":"https:\/\/www.heatline.ee\/wp-content\/uploads\/soojendusmatt.webp","contentUrl":"https:\/\/www.heatline.ee\/wp-content\/uploads\/soojendusmatt.webp","width":1500,"height":1160,"caption":"jalgade soojendusmatt"},{"@type":"BreadcrumbList","@id":"https:\/\/www.heatline.ee\/fi\/tuote\/jalkojenlammitin-jalkakytkimella\/#breadcrumb","itemListElement":[{"@type":"ListItem","position":1,"name":"Esileht","item":"https:\/\/www.heatline.ee\/fi\/"},{"@type":"ListItem","position":2,"name":"Kauppa","item":"https:\/\/www.heatline.ee\/fi\/kauppa\/"},{"@type":"ListItem","position":3,"name":"Jalkojenl\u00e4mmitin 40\u00d750 cm 65W"}]},{"@type":"WebSite","@id":"https:\/\/www.heatline.ee\/fi\/#website","url":"https:\/\/www.heatline.ee\/fi\/","name":"Heatline","description":"K&uuml;ttekaablid, k&uuml;ttekehad, mahuti ja t&uuml;nni k&uuml;te, kuumutusahjud","publisher":{"@id":"https:\/\/www.heatline.ee\/fi\/#organization"},"potentialAction":[{"@type":"SearchAction","target":{"@type":"EntryPoint","urlTemplate":"https:\/\/www.heatline.ee\/fi\/?s={search_term_string}"},"query-input":{"@type":"PropertyValueSpecification","valueRequired":true,"valueName":"search_term_string"}}],"inLanguage":"fi"},{"@type":"Organization","@id":"https:\/\/www.heatline.ee\/fi\/#organization","name":"Heatline O\u00dc","url":"https:\/\/www.heatline.ee\/fi\/","logo":{"@type":"ImageObject","inLanguage":"fi","@id":"https:\/\/www.heatline.ee\/fi\/#\/schema\/logo\/image\/","url":"https:\/\/www.heatline.ee\/wp-content\/uploads\/2019\/01\/heatline-logo.svg","contentUrl":"https:\/\/www.heatline.ee\/wp-content\/uploads\/2019\/01\/heatline-logo.svg","width":214,"height":40,"caption":"Heatline O\u00dc"},"image":{"@id":"https:\/\/www.heatline.ee\/fi\/#\/schema\/logo\/image\/"},"sameAs":["https:\/\/www.facebook.com\/Heatline.ee\/"]}]}},"_links":{"self":[{"href":"https:\/\/www.heatline.ee\/fi\/wp-json\/wp\/v2\/product\/15854","targetHints":{"allow":["GET"]}}],"collection":[{"href":"https:\/\/www.heatline.ee\/fi\/wp-json\/wp\/v2\/product"}],"about":[{"href":"https:\/\/www.heatline.ee\/fi\/wp-json\/wp\/v2\/types\/product"}],"replies":[{"embeddable":true,"href":"https:\/\/www.heatline.ee\/fi\/wp-json\/wp\/v2\/comments?post=15854"}],"wp:featuredmedia":[{"embeddable":true,"href":"https:\/\/www.heatline.ee\/fi\/wp-json\/wp\/v2\/media\/11968"}],"wp:attachment":[{"href":"https:\/\/www.heatline.ee\/fi\/wp-json\/wp\/v2\/media?parent=15854"}],"wp:term":[{"taxonomy":"product_brand","embeddable":true,"href":"https:\/\/www.heatline.ee\/fi\/wp-json\/wp\/v2\/product_brand?post=15854"},{"taxonomy":"product_cat","embeddable":true,"href":"https:\/\/www.heatline.ee\/fi\/wp-json\/wp\/v2\/product_cat?post=15854"},{"taxonomy":"product_tag","embeddable":true,"href":"https:\/\/www.heatline.ee\/fi\/wp-json\/wp\/v2\/product_tag?post=15854"}],"curies":[{"name":"wp","href":"https:\/\/api.w.org\/{rel}","templated":true}]}}