{"id":15622,"date":"2026-02-02T14:16:29","date_gmt":"2026-02-02T12:16:29","guid":{"rendered":"https:\/\/www.heatline.ee\/product\/lammitin-jaloille\/"},"modified":"2026-03-21T00:31:32","modified_gmt":"2026-03-20T22:31:32","slug":"lammitin-jaloille","status":"publish","type":"product","link":"https:\/\/www.heatline.ee\/fi\/tuote\/lammitin-jaloille\/","title":{"rendered":"L\u00e4mmitin jaloille"},"content":{"rendered":"<p><strong>L\u00e4mmitin jaloille<\/strong> \u2013 infrapunas\u00e4teilyl\u00e4mmitin toimistoon tai varastotilaan<br \/>\nT\u00e4m\u00e4 taitettava Mi-Heat-infrapuna jalkojen l\u00e4mmityslaite on t\u00e4ydellinen ratkaisu kaikille, joiden jalat palelevat pitk\u00e4n ty\u00f6p\u00f6yd\u00e4n \u00e4\u00e4ress\u00e4 istumisen aikana. Infrapunateknologian ja kolmis\u00e4\u00e4t\u00f6isen paneelin ansiosta l\u00e4mmitin tuottaa miellytt\u00e4v\u00e4\u00e4, suoraan tuntuvaa l\u00e4mp\u00f6\u00e4.<\/p>\n<p>Sis\u00e4\u00e4nrakennettu termostaatti mahdollistaa tehon s\u00e4\u00e4d\u00f6n kolmella tasolla:<br \/>\n\u2013 Korkea ~60 \u00b0C<br \/>\n\u2013 Keskitaso ~45 \u00b0C<br \/>\n\u2013 Matala ~40 \u00b0C<\/p>\n<p>Jalkojen l\u00e4mmityslaite on kevyt ja kompakti, jossa on kolme helppok\u00e4ytt\u00f6ist\u00e4 painiketta, sopii k\u00e4ytett\u00e4v\u00e4ksi miss\u00e4 tahansa, miss\u00e4 on pistorasia l\u00e4hell\u00e4. Taita l\u00e4mmitin kokoon ja ota se mukaasi sinne, miss\u00e4 tarvitset lis\u00e4l\u00e4mp\u00f6\u00e4. L\u00e4mmitin sopii hyvin esimerkiksi ty\u00f6p\u00f6yd\u00e4n alle asennettavaksi.<\/p>\n<p><strong>Ominaisuudet:<\/strong><\/p>\n<p>Automaattinen virrankatkaisu, jos laite kaatuu<br \/>\nHelppo ohjaus kolmella painikkeella<br \/>\nLED-l\u00e4mp\u00f6tilan merkkivalo<br \/>\nKompakti ja helposti siirrett\u00e4v\u00e4<br \/>\nIntegroitu 3 tunnin ajastin<\/p>\n<p><strong>Tekniset tiedot:<\/strong><\/p>\n<p>K\u00e4ytt\u00f6j\u00e4nnite: 230 V \/ 50 Hz<br \/>\nTeho: 260 W (\u00b110 %)<br \/>\nMitat avattuna: 51 \u00d7 100 \u00d7 0,8 cm<br \/>\nMitat taitettuna: 51 \u00d7 39,5 \u00d7 4 cm<br \/>\nL\u00e4mmityspinta-ala: noin 45 \u00d7 80 cm<br \/>\nL\u00e4mmityselementti: hiilikalvo<br \/>\nPintamateriaali: tekstiili<br \/>\nPintal\u00e4mp\u00f6tila: korkea ~60 \u00b0C, keski ~45 \u00b0C, matala ~40 \u00b0C<br \/>\nVirtajohto: 1,5 m<br \/>\nPaino: noin 1,6 kg<br \/>\nIP-luokka \/ suojausluokka: IP21 \/ II<br \/>\nValmistettu Saksassa<\/p>\n<p><strong>Pakkaus sis\u00e4lt\u00e4\u00e4:<\/strong><\/p>\n<p>1 \u00d7 infrapunal\u00e4mmitin<br \/>\n1 \u00d7 k\u00e4ytt\u00f6ohje<\/p>\n","protected":false},"excerpt":{"rendered":"<p><strong>L\u00e4mmitin jaloille Mi-Heat<\/strong>, mukava k\u00e4ytt\u00e4\u00e4 p\u00f6yd\u00e4n alla. 230 V, 51\u00d7100 cm \u2013 taitettava malli.<\/p>\n","protected":false},"featured_media":11453,"comment_status":"closed","ping_status":"closed","template":"","meta":{"_acf_changed":false,"_exactmetrics_skip_tracking":false,"_exactmetrics_sitenote_active":false,"_exactmetrics_sitenote_note":"","_exactmetrics_sitenote_category":0,"_monsterinsights_skip_tracking":false,"_monsterinsights_sitenote_active":false,"_monsterinsights_sitenote_note":"","_monsterinsights_sitenote_category":0},"product_brand":[],"product_cat":[752],"product_tag":[],"class_list":{"0":"post-15622","1":"product","2":"type-product","3":"status-publish","4":"has-post-thumbnail","6":"product_cat-lammitysmatot","8":"first","9":"instock","10":"taxable","11":"shipping-taxable","12":"purchasable","13":"product-type-simple"},"acf":[],"yoast_head":"<!-- This site is optimized with the Yoast SEO Premium plugin v27.5 (Yoast SEO v27.5) - https:\/\/yoast.com\/product\/yoast-seo-premium-wordpress\/ -->\n<title>L\u00e4mmitin jaloille - Heatline<\/title>\n<meta name=\"description\" content=\"L\u00e4mmitin jaloille Mi-Heat mukava k\u00e4ytt\u00e4\u00e4 p\u00f6yd\u00e4n alla. 230 V, 51\u00d7100 cm \u2013 taitettava malli. Infrapuna l\u00e4mmitys jaloille\" \/>\n<meta name=\"robots\" content=\"index, follow, max-snippet:-1, max-image-preview:large, max-video-preview:-1\" \/>\n<link rel=\"canonical\" href=\"https:\/\/www.heatline.ee\/fi\/tuote\/lammitin-jaloille\/\" \/>\n<meta property=\"og:locale\" content=\"fi_FI\" \/>\n<meta property=\"og:type\" content=\"article\" \/>\n<meta property=\"og:title\" content=\"L\u00e4mmitin jaloille\" \/>\n<meta property=\"og:description\" content=\"L\u00e4mmitin jaloille Mi-Heat mukava k\u00e4ytt\u00e4\u00e4 p\u00f6yd\u00e4n alla. 230 V, 51\u00d7100 cm \u2013 taitettava malli. Infrapuna l\u00e4mmitys jaloille\" \/>\n<meta property=\"og:url\" content=\"https:\/\/www.heatline.ee\/fi\/tuote\/lammitin-jaloille\/\" \/>\n<meta property=\"og:site_name\" content=\"Heatline\" \/>\n<meta property=\"article:publisher\" content=\"https:\/\/www.facebook.com\/Heatline.ee\/\" \/>\n<meta property=\"article:modified_time\" content=\"2026-03-20T22:31:32+00:00\" \/>\n<meta property=\"og:image\" content=\"https:\/\/www.heatline.ee\/wp-content\/uploads\/jalgade-soojendaja.webp?_t=1774045892\" \/>\n\t<meta property=\"og:image:width\" content=\"520\" \/>\n\t<meta property=\"og:image:height\" content=\"520\" \/>\n\t<meta property=\"og:image:type\" content=\"image\/webp\" \/>\n<meta name=\"twitter:card\" content=\"summary_large_image\" \/>\n<meta name=\"twitter:label1\" content=\"Arvioitu lukuaika\" \/>\n\t<meta name=\"twitter:data1\" content=\"2 minuuttia\" \/>\n<script type=\"application\/ld+json\" class=\"yoast-schema-graph\">{\"@context\":\"https:\\\/\\\/schema.org\",\"@graph\":[{\"@type\":\"WebPage\",\"@id\":\"https:\\\/\\\/www.heatline.ee\\\/fi\\\/tuote\\\/lammitin-jaloille\\\/\",\"url\":\"https:\\\/\\\/www.heatline.ee\\\/fi\\\/tuote\\\/lammitin-jaloille\\\/\",\"name\":\"L\u00e4mmitin jaloille - Heatline\",\"isPartOf\":{\"@id\":\"https:\\\/\\\/www.heatline.ee\\\/fi\\\/#website\"},\"primaryImageOfPage\":{\"@id\":\"https:\\\/\\\/www.heatline.ee\\\/fi\\\/tuote\\\/lammitin-jaloille\\\/#primaryimage\"},\"image\":{\"@id\":\"https:\\\/\\\/www.heatline.ee\\\/fi\\\/tuote\\\/lammitin-jaloille\\\/#primaryimage\"},\"thumbnailUrl\":\"https:\\\/\\\/www.heatline.ee\\\/wp-content\\\/uploads\\\/jalgade-soojendaja.webp\",\"datePublished\":\"2026-02-02T12:16:29+00:00\",\"dateModified\":\"2026-03-20T22:31:32+00:00\",\"description\":\"L\u00e4mmitin jaloille Mi-Heat mukava k\u00e4ytt\u00e4\u00e4 p\u00f6yd\u00e4n alla. 230 V, 51\u00d7100 cm \u2013 taitettava malli. Infrapuna l\u00e4mmitys jaloille\",\"breadcrumb\":{\"@id\":\"https:\\\/\\\/www.heatline.ee\\\/fi\\\/tuote\\\/lammitin-jaloille\\\/#breadcrumb\"},\"inLanguage\":\"fi\",\"potentialAction\":[{\"@type\":\"ReadAction\",\"target\":[\"https:\\\/\\\/www.heatline.ee\\\/fi\\\/tuote\\\/lammitin-jaloille\\\/\"]}]},{\"@type\":\"ImageObject\",\"inLanguage\":\"fi\",\"@id\":\"https:\\\/\\\/www.heatline.ee\\\/fi\\\/tuote\\\/lammitin-jaloille\\\/#primaryimage\",\"url\":\"https:\\\/\\\/www.heatline.ee\\\/wp-content\\\/uploads\\\/jalgade-soojendaja.webp\",\"contentUrl\":\"https:\\\/\\\/www.heatline.ee\\\/wp-content\\\/uploads\\\/jalgade-soojendaja.webp\",\"width\":520,\"height\":520,\"caption\":\"jalgade soojendaja\"},{\"@type\":\"BreadcrumbList\",\"@id\":\"https:\\\/\\\/www.heatline.ee\\\/fi\\\/tuote\\\/lammitin-jaloille\\\/#breadcrumb\",\"itemListElement\":[{\"@type\":\"ListItem\",\"position\":1,\"name\":\"Esileht\",\"item\":\"https:\\\/\\\/www.heatline.ee\\\/fi\\\/\"},{\"@type\":\"ListItem\",\"position\":2,\"name\":\"Kauppa\",\"item\":\"https:\\\/\\\/www.heatline.ee\\\/fi\\\/kauppa\\\/\"},{\"@type\":\"ListItem\",\"position\":3,\"name\":\"L\u00e4mmitin jaloille\"}]},{\"@type\":\"WebSite\",\"@id\":\"https:\\\/\\\/www.heatline.ee\\\/fi\\\/#website\",\"url\":\"https:\\\/\\\/www.heatline.ee\\\/fi\\\/\",\"name\":\"Heatline\",\"description\":\"K&uuml;ttekaablid, k&uuml;ttekehad, mahuti ja t&uuml;nni k&uuml;te, kuumutusahjud\",\"publisher\":{\"@id\":\"https:\\\/\\\/www.heatline.ee\\\/fi\\\/#organization\"},\"potentialAction\":[{\"@type\":\"SearchAction\",\"target\":{\"@type\":\"EntryPoint\",\"urlTemplate\":\"https:\\\/\\\/www.heatline.ee\\\/fi\\\/?s={search_term_string}\"},\"query-input\":{\"@type\":\"PropertyValueSpecification\",\"valueRequired\":true,\"valueName\":\"search_term_string\"}}],\"inLanguage\":\"fi\"},{\"@type\":\"Organization\",\"@id\":\"https:\\\/\\\/www.heatline.ee\\\/fi\\\/#organization\",\"name\":\"Heatline O\u00dc\",\"url\":\"https:\\\/\\\/www.heatline.ee\\\/fi\\\/\",\"logo\":{\"@type\":\"ImageObject\",\"inLanguage\":\"fi\",\"@id\":\"https:\\\/\\\/www.heatline.ee\\\/fi\\\/#\\\/schema\\\/logo\\\/image\\\/\",\"url\":\"https:\\\/\\\/www.heatline.ee\\\/wp-content\\\/uploads\\\/2019\\\/01\\\/heatline-logo.svg\",\"contentUrl\":\"https:\\\/\\\/www.heatline.ee\\\/wp-content\\\/uploads\\\/2019\\\/01\\\/heatline-logo.svg\",\"width\":214,\"height\":40,\"caption\":\"Heatline O\u00dc\"},\"image\":{\"@id\":\"https:\\\/\\\/www.heatline.ee\\\/fi\\\/#\\\/schema\\\/logo\\\/image\\\/\"},\"sameAs\":[\"https:\\\/\\\/www.facebook.com\\\/Heatline.ee\\\/\"]}]}<\/script>\n<!-- \/ Yoast SEO Premium plugin. -->","yoast_head_json":{"title":"L\u00e4mmitin jaloille - Heatline","description":"L\u00e4mmitin jaloille Mi-Heat mukava k\u00e4ytt\u00e4\u00e4 p\u00f6yd\u00e4n alla. 230 V, 51\u00d7100 cm \u2013 taitettava malli. Infrapuna l\u00e4mmitys jaloille","robots":{"index":"index","follow":"follow","max-snippet":"max-snippet:-1","max-image-preview":"max-image-preview:large","max-video-preview":"max-video-preview:-1"},"canonical":"https:\/\/www.heatline.ee\/fi\/tuote\/lammitin-jaloille\/","og_locale":"fi_FI","og_type":"article","og_title":"L\u00e4mmitin jaloille","og_description":"L\u00e4mmitin jaloille Mi-Heat mukava k\u00e4ytt\u00e4\u00e4 p\u00f6yd\u00e4n alla. 230 V, 51\u00d7100 cm \u2013 taitettava malli. Infrapuna l\u00e4mmitys jaloille","og_url":"https:\/\/www.heatline.ee\/fi\/tuote\/lammitin-jaloille\/","og_site_name":"Heatline","article_publisher":"https:\/\/www.facebook.com\/Heatline.ee\/","article_modified_time":"2026-03-20T22:31:32+00:00","og_image":[{"width":520,"height":520,"url":"https:\/\/www.heatline.ee\/wp-content\/uploads\/jalgade-soojendaja.webp?_t=1774045892","type":"image\/webp"}],"twitter_card":"summary_large_image","twitter_misc":{"Arvioitu lukuaika":"2 minuuttia"},"schema":{"@context":"https:\/\/schema.org","@graph":[{"@type":"WebPage","@id":"https:\/\/www.heatline.ee\/fi\/tuote\/lammitin-jaloille\/","url":"https:\/\/www.heatline.ee\/fi\/tuote\/lammitin-jaloille\/","name":"L\u00e4mmitin jaloille - Heatline","isPartOf":{"@id":"https:\/\/www.heatline.ee\/fi\/#website"},"primaryImageOfPage":{"@id":"https:\/\/www.heatline.ee\/fi\/tuote\/lammitin-jaloille\/#primaryimage"},"image":{"@id":"https:\/\/www.heatline.ee\/fi\/tuote\/lammitin-jaloille\/#primaryimage"},"thumbnailUrl":"https:\/\/www.heatline.ee\/wp-content\/uploads\/jalgade-soojendaja.webp","datePublished":"2026-02-02T12:16:29+00:00","dateModified":"2026-03-20T22:31:32+00:00","description":"L\u00e4mmitin jaloille Mi-Heat mukava k\u00e4ytt\u00e4\u00e4 p\u00f6yd\u00e4n alla. 230 V, 51\u00d7100 cm \u2013 taitettava malli. Infrapuna l\u00e4mmitys jaloille","breadcrumb":{"@id":"https:\/\/www.heatline.ee\/fi\/tuote\/lammitin-jaloille\/#breadcrumb"},"inLanguage":"fi","potentialAction":[{"@type":"ReadAction","target":["https:\/\/www.heatline.ee\/fi\/tuote\/lammitin-jaloille\/"]}]},{"@type":"ImageObject","inLanguage":"fi","@id":"https:\/\/www.heatline.ee\/fi\/tuote\/lammitin-jaloille\/#primaryimage","url":"https:\/\/www.heatline.ee\/wp-content\/uploads\/jalgade-soojendaja.webp","contentUrl":"https:\/\/www.heatline.ee\/wp-content\/uploads\/jalgade-soojendaja.webp","width":520,"height":520,"caption":"jalgade soojendaja"},{"@type":"BreadcrumbList","@id":"https:\/\/www.heatline.ee\/fi\/tuote\/lammitin-jaloille\/#breadcrumb","itemListElement":[{"@type":"ListItem","position":1,"name":"Esileht","item":"https:\/\/www.heatline.ee\/fi\/"},{"@type":"ListItem","position":2,"name":"Kauppa","item":"https:\/\/www.heatline.ee\/fi\/kauppa\/"},{"@type":"ListItem","position":3,"name":"L\u00e4mmitin jaloille"}]},{"@type":"WebSite","@id":"https:\/\/www.heatline.ee\/fi\/#website","url":"https:\/\/www.heatline.ee\/fi\/","name":"Heatline","description":"K&uuml;ttekaablid, k&uuml;ttekehad, mahuti ja t&uuml;nni k&uuml;te, kuumutusahjud","publisher":{"@id":"https:\/\/www.heatline.ee\/fi\/#organization"},"potentialAction":[{"@type":"SearchAction","target":{"@type":"EntryPoint","urlTemplate":"https:\/\/www.heatline.ee\/fi\/?s={search_term_string}"},"query-input":{"@type":"PropertyValueSpecification","valueRequired":true,"valueName":"search_term_string"}}],"inLanguage":"fi"},{"@type":"Organization","@id":"https:\/\/www.heatline.ee\/fi\/#organization","name":"Heatline O\u00dc","url":"https:\/\/www.heatline.ee\/fi\/","logo":{"@type":"ImageObject","inLanguage":"fi","@id":"https:\/\/www.heatline.ee\/fi\/#\/schema\/logo\/image\/","url":"https:\/\/www.heatline.ee\/wp-content\/uploads\/2019\/01\/heatline-logo.svg","contentUrl":"https:\/\/www.heatline.ee\/wp-content\/uploads\/2019\/01\/heatline-logo.svg","width":214,"height":40,"caption":"Heatline O\u00dc"},"image":{"@id":"https:\/\/www.heatline.ee\/fi\/#\/schema\/logo\/image\/"},"sameAs":["https:\/\/www.facebook.com\/Heatline.ee\/"]}]}},"_links":{"self":[{"href":"https:\/\/www.heatline.ee\/fi\/wp-json\/wp\/v2\/product\/15622","targetHints":{"allow":["GET"]}}],"collection":[{"href":"https:\/\/www.heatline.ee\/fi\/wp-json\/wp\/v2\/product"}],"about":[{"href":"https:\/\/www.heatline.ee\/fi\/wp-json\/wp\/v2\/types\/product"}],"replies":[{"embeddable":true,"href":"https:\/\/www.heatline.ee\/fi\/wp-json\/wp\/v2\/comments?post=15622"}],"wp:featuredmedia":[{"embeddable":true,"href":"https:\/\/www.heatline.ee\/fi\/wp-json\/wp\/v2\/media\/11453"}],"wp:attachment":[{"href":"https:\/\/www.heatline.ee\/fi\/wp-json\/wp\/v2\/media?parent=15622"}],"wp:term":[{"taxonomy":"product_brand","embeddable":true,"href":"https:\/\/www.heatline.ee\/fi\/wp-json\/wp\/v2\/product_brand?post=15622"},{"taxonomy":"product_cat","embeddable":true,"href":"https:\/\/www.heatline.ee\/fi\/wp-json\/wp\/v2\/product_cat?post=15622"},{"taxonomy":"product_tag","embeddable":true,"href":"https:\/\/www.heatline.ee\/fi\/wp-json\/wp\/v2\/product_tag?post=15622"}],"curies":[{"name":"wp","href":"https:\/\/api.w.org\/{rel}","templated":true}]}}