{"id":15599,"date":"2026-02-02T14:11:57","date_gmt":"2026-02-02T12:11:57","guid":{"rendered":"https:\/\/www.heatline.ee\/product\/lammitysmatto-lattian-paalle\/"},"modified":"2026-03-18T22:45:37","modified_gmt":"2026-03-18T20:45:37","slug":"lammitysmatto-lattian-paalle","status":"publish","type":"product","link":"https:\/\/www.heatline.ee\/fi\/tuote\/lammitysmatto-lattian-paalle\/","title":{"rendered":"L\u00e4mmitysmatto lattian p\u00e4\u00e4lle"},"content":{"rendered":"<p>Lattialle, maton alle asennettava l\u00e4mmitysmatto<\/p>\n<p>L\u00e4mmitysmatto lattialle on paras siirrett\u00e4v\u00e4 lis\u00e4l\u00e4mmitysratkaisu kotiin, m\u00f6kille, toimistoon, eteiseen, salongiin tai lastenhuoneeseen.<br \/>\nNopea asennus ja tasainen l\u00e4mm\u00f6n jakautuminen \u2013 liit\u00e4 vain pistoke pistorasiaan, ja matto l\u00e4mpenee muutamassa minuutissa.<\/p>\n<p>L\u00e4mmityksell\u00e4 matto sopii k\u00e4ytett\u00e4v\u00e4ksi suoraan laminaatin, parketin tai puulattian p\u00e4\u00e4ll\u00e4.<br \/>\nTurvallinen ja kest\u00e4v\u00e4.<br \/>\nEritt\u00e4in helppo k\u00e4ytt\u00e4\u00e4 ja huoltaa.<br \/>\nL\u00e4mmitysmatto maton alle pit\u00e4\u00e4 jalat aina miellytt\u00e4v\u00e4n l\u00e4mpimin\u00e4.<br \/>\nL\u00e4mmitett\u00e4v\u00e4 matto on tarkoitettu k\u00e4ytett\u00e4v\u00e4ksi vain p\u00e4\u00e4llimm\u00e4isen maton alla.<br \/>\nS\u00e4hk\u00f6inen lattial\u00e4mmitysmatto ei vaadi asennuksessa erityisty\u00f6kaluja tai osaamista.<\/p>\n<p><strong>Tekniset tiedot:<\/strong><\/p>\n<p>K\u00e4ytt\u00f6j\u00e4nnite: 230 V<br \/>\nIP-suojausluokka: IPX7<br \/>\nPaksuus: n. 7 mm<br \/>\nPintal\u00e4mp\u00f6tila: enint\u00e4\u00e4n 25 \u00b0C \u00b110 %*<br \/>\nPintamateriaali: tekstiilikuitukangas<br \/>\nVirtajohto: 2,5 m pistokkeella<br \/>\nV\u00e4ri: beige\/musta punaisella reunalla<br \/>\nValmistaja: MI-Heat, Saksa<\/p>\n<p><strong>Huomio!<\/strong><br \/>\nL\u00e4mmitysmatto l\u00e4mmitt\u00e4\u00e4 sen p\u00e4\u00e4ll\u00e4 olevan maton \u2013 sit\u00e4 ei ole tarkoitettu tilan yleisl\u00e4mmitykseen.<\/p>\n<p>* Saavutettava pintal\u00e4mp\u00f6tila riippuu p\u00e4\u00e4llim\u00e4isen maton ominaisuuksista, lattiamateriaalista ja ymp\u00e4r\u00f6iv\u00e4st\u00e4 l\u00e4mp\u00f6tilasta.<br \/>\n** Tuote soveltuu vain l\u00e4mp\u00f6\u00e4 kest\u00e4vien lattiamateriaalien kanssa k\u00e4ytett\u00e4v\u00e4ksi.<\/p>\n","protected":false},"excerpt":{"rendered":"<p><strong>L\u00e4mmitysmatto lattian p\u00e4\u00e4lle, maton alle asennettava<\/strong><\/p>\n<p>Mi-Heat-l\u00e4mmitysmatto on k\u00e4yt\u00e4nn\u00f6llinen ja mukava ratkaisu, joka takaa miellytt\u00e4v\u00e4n jalkojen l\u00e4mm\u00f6n ja lis\u00e4\u00e4 asumismukavuutta merkitt\u00e4v\u00e4sti. Olipa l\u00e4mmitett\u00e4v\u00e4 matto olohuoneessa, kotitoimistossa tai lastenhuoneessa \u2013 lis\u00e4l\u00e4mp\u00f6 luo kodikkaan tunnelman ja parantaa viihtyvyytt\u00e4.<\/p>\n<p>L\u00e4mmitysmatto lattian p\u00e4\u00e4lle on heti k\u00e4ytt\u00f6valmis eik\u00e4 vaadi erillist\u00e4 l\u00e4mp\u00f6tilans\u00e4\u00e4t\u00f6\u00e4. Maton pintal\u00e4mp\u00f6tila saavuttaa miellytt\u00e4v\u00e4n noin +25 \u00b0C (riippuen lattian materiaalista), tarjoten tasaisen ja miellytt\u00e4v\u00e4n l\u00e4mm\u00f6n jakautumisen.<\/p>\n<p>L\u00e4mmitysmatto on varastossa, mutta sen kokoa ei voi toimittaa pakettiautomaatilla.<\/p>\n","protected":false},"featured_media":8041,"comment_status":"closed","ping_status":"closed","template":"","meta":{"_acf_changed":false,"_exactmetrics_skip_tracking":false,"_exactmetrics_sitenote_active":false,"_exactmetrics_sitenote_note":"","_exactmetrics_sitenote_category":0,"_monsterinsights_skip_tracking":false,"_monsterinsights_sitenote_active":false,"_monsterinsights_sitenote_note":"","_monsterinsights_sitenote_category":0},"product_brand":[],"product_cat":[755,752],"product_tag":[],"class_list":{"0":"post-15599","1":"product","2":"type-product","3":"status-publish","4":"has-post-thumbnail","6":"product_cat-huonelammitys","7":"product_cat-lammitysmatot","8":"pa_soojendusega-vaibad-lampomatto-14-m-x-20-m-330w-230v","9":"pa_soojendusega-vaibad-lampomatto-18-m-x-28-m-610w-230v","11":"first","12":"outofstock","13":"taxable","14":"shipping-taxable","15":"purchasable","16":"product-type-variable"},"acf":[],"yoast_head":"<!-- This site is optimized with the Yoast SEO Premium plugin v27.5 (Yoast SEO v27.5) - https:\/\/yoast.com\/product\/yoast-seo-premium-wordpress\/ -->\n<title>L\u00e4mmitysmatto lattian p\u00e4\u00e4lle - Heatline<\/title>\n<meta name=\"description\" content=\"L\u00e4mmitysmatto lattian p\u00e4\u00e4lle, maton alle asennettava on mukava ratkaisu, joka takaa miellytt\u00e4v\u00e4n jalkojen l\u00e4mm\u00f6n ja lis\u00e4\u00e4 asumismukavuutta\" \/>\n<meta name=\"robots\" content=\"index, follow, max-snippet:-1, max-image-preview:large, max-video-preview:-1\" \/>\n<link rel=\"canonical\" href=\"https:\/\/www.heatline.ee\/fi\/tuote\/lammitysmatto-lattian-paalle\/\" \/>\n<meta property=\"og:locale\" content=\"fi_FI\" \/>\n<meta property=\"og:type\" content=\"article\" \/>\n<meta property=\"og:title\" content=\"L\u00e4mmitysmatto lattian p\u00e4\u00e4lle\" \/>\n<meta property=\"og:description\" content=\"L\u00e4mmitysmatto lattian p\u00e4\u00e4lle, maton alle asennettava on mukava ratkaisu, joka takaa miellytt\u00e4v\u00e4n jalkojen l\u00e4mm\u00f6n ja lis\u00e4\u00e4 asumismukavuutta\" \/>\n<meta property=\"og:url\" content=\"https:\/\/www.heatline.ee\/fi\/tuote\/lammitysmatto-lattian-paalle\/\" \/>\n<meta property=\"og:site_name\" content=\"Heatline\" \/>\n<meta property=\"article:publisher\" content=\"https:\/\/www.facebook.com\/Heatline.ee\/\" \/>\n<meta property=\"article:modified_time\" content=\"2026-03-18T20:45:37+00:00\" \/>\n<meta property=\"og:image\" content=\"https:\/\/www.heatline.ee\/wp-content\/uploads\/Kuttematt-vaiba-alla.jpg?_t=1773866737\" \/>\n\t<meta property=\"og:image:width\" content=\"800\" \/>\n\t<meta property=\"og:image:height\" content=\"800\" \/>\n\t<meta property=\"og:image:type\" content=\"image\/jpeg\" \/>\n<meta name=\"twitter:card\" content=\"summary_large_image\" \/>\n<meta name=\"twitter:label1\" content=\"Arvioitu lukuaika\" \/>\n\t<meta name=\"twitter:data1\" content=\"1 minuutti\" \/>\n<script type=\"application\/ld+json\" class=\"yoast-schema-graph\">{\"@context\":\"https:\\\/\\\/schema.org\",\"@graph\":[{\"@type\":\"WebPage\",\"@id\":\"https:\\\/\\\/www.heatline.ee\\\/fi\\\/tuote\\\/lammitysmatto-lattian-paalle\\\/\",\"url\":\"https:\\\/\\\/www.heatline.ee\\\/fi\\\/tuote\\\/lammitysmatto-lattian-paalle\\\/\",\"name\":\"L\u00e4mmitysmatto lattian p\u00e4\u00e4lle - Heatline\",\"isPartOf\":{\"@id\":\"https:\\\/\\\/www.heatline.ee\\\/fi\\\/#website\"},\"primaryImageOfPage\":{\"@id\":\"https:\\\/\\\/www.heatline.ee\\\/fi\\\/tuote\\\/lammitysmatto-lattian-paalle\\\/#primaryimage\"},\"image\":{\"@id\":\"https:\\\/\\\/www.heatline.ee\\\/fi\\\/tuote\\\/lammitysmatto-lattian-paalle\\\/#primaryimage\"},\"thumbnailUrl\":\"https:\\\/\\\/www.heatline.ee\\\/wp-content\\\/uploads\\\/Kuttematt-vaiba-alla.jpg\",\"datePublished\":\"2026-02-02T12:11:57+00:00\",\"dateModified\":\"2026-03-18T20:45:37+00:00\",\"description\":\"L\u00e4mmitysmatto lattian p\u00e4\u00e4lle, maton alle asennettava on mukava ratkaisu, joka takaa miellytt\u00e4v\u00e4n jalkojen l\u00e4mm\u00f6n ja lis\u00e4\u00e4 asumismukavuutta\",\"breadcrumb\":{\"@id\":\"https:\\\/\\\/www.heatline.ee\\\/fi\\\/tuote\\\/lammitysmatto-lattian-paalle\\\/#breadcrumb\"},\"inLanguage\":\"fi\",\"potentialAction\":[{\"@type\":\"ReadAction\",\"target\":[\"https:\\\/\\\/www.heatline.ee\\\/fi\\\/tuote\\\/lammitysmatto-lattian-paalle\\\/\"]}]},{\"@type\":\"ImageObject\",\"inLanguage\":\"fi\",\"@id\":\"https:\\\/\\\/www.heatline.ee\\\/fi\\\/tuote\\\/lammitysmatto-lattian-paalle\\\/#primaryimage\",\"url\":\"https:\\\/\\\/www.heatline.ee\\\/wp-content\\\/uploads\\\/Kuttematt-vaiba-alla.jpg\",\"contentUrl\":\"https:\\\/\\\/www.heatline.ee\\\/wp-content\\\/uploads\\\/Kuttematt-vaiba-alla.jpg\",\"width\":800,\"height\":800,\"caption\":\"CREATOR: gd-jpeg v1.0 (using IJG JPEG v80), quality = 95\"},{\"@type\":\"BreadcrumbList\",\"@id\":\"https:\\\/\\\/www.heatline.ee\\\/fi\\\/tuote\\\/lammitysmatto-lattian-paalle\\\/#breadcrumb\",\"itemListElement\":[{\"@type\":\"ListItem\",\"position\":1,\"name\":\"Esileht\",\"item\":\"https:\\\/\\\/www.heatline.ee\\\/fi\\\/\"},{\"@type\":\"ListItem\",\"position\":2,\"name\":\"Kauppa\",\"item\":\"https:\\\/\\\/www.heatline.ee\\\/fi\\\/kauppa\\\/\"},{\"@type\":\"ListItem\",\"position\":3,\"name\":\"L\u00e4mmitysmatto lattian p\u00e4\u00e4lle\"}]},{\"@type\":\"WebSite\",\"@id\":\"https:\\\/\\\/www.heatline.ee\\\/fi\\\/#website\",\"url\":\"https:\\\/\\\/www.heatline.ee\\\/fi\\\/\",\"name\":\"Heatline\",\"description\":\"K&uuml;ttekaablid, k&uuml;ttekehad, mahuti ja t&uuml;nni k&uuml;te, kuumutusahjud\",\"publisher\":{\"@id\":\"https:\\\/\\\/www.heatline.ee\\\/fi\\\/#organization\"},\"potentialAction\":[{\"@type\":\"SearchAction\",\"target\":{\"@type\":\"EntryPoint\",\"urlTemplate\":\"https:\\\/\\\/www.heatline.ee\\\/fi\\\/?s={search_term_string}\"},\"query-input\":{\"@type\":\"PropertyValueSpecification\",\"valueRequired\":true,\"valueName\":\"search_term_string\"}}],\"inLanguage\":\"fi\"},{\"@type\":\"Organization\",\"@id\":\"https:\\\/\\\/www.heatline.ee\\\/fi\\\/#organization\",\"name\":\"Heatline O\u00dc\",\"url\":\"https:\\\/\\\/www.heatline.ee\\\/fi\\\/\",\"logo\":{\"@type\":\"ImageObject\",\"inLanguage\":\"fi\",\"@id\":\"https:\\\/\\\/www.heatline.ee\\\/fi\\\/#\\\/schema\\\/logo\\\/image\\\/\",\"url\":\"https:\\\/\\\/www.heatline.ee\\\/wp-content\\\/uploads\\\/2019\\\/01\\\/heatline-logo.svg\",\"contentUrl\":\"https:\\\/\\\/www.heatline.ee\\\/wp-content\\\/uploads\\\/2019\\\/01\\\/heatline-logo.svg\",\"width\":214,\"height\":40,\"caption\":\"Heatline O\u00dc\"},\"image\":{\"@id\":\"https:\\\/\\\/www.heatline.ee\\\/fi\\\/#\\\/schema\\\/logo\\\/image\\\/\"},\"sameAs\":[\"https:\\\/\\\/www.facebook.com\\\/Heatline.ee\\\/\"]}]}<\/script>\n<!-- \/ Yoast SEO Premium plugin. -->","yoast_head_json":{"title":"L\u00e4mmitysmatto lattian p\u00e4\u00e4lle - Heatline","description":"L\u00e4mmitysmatto lattian p\u00e4\u00e4lle, maton alle asennettava on mukava ratkaisu, joka takaa miellytt\u00e4v\u00e4n jalkojen l\u00e4mm\u00f6n ja lis\u00e4\u00e4 asumismukavuutta","robots":{"index":"index","follow":"follow","max-snippet":"max-snippet:-1","max-image-preview":"max-image-preview:large","max-video-preview":"max-video-preview:-1"},"canonical":"https:\/\/www.heatline.ee\/fi\/tuote\/lammitysmatto-lattian-paalle\/","og_locale":"fi_FI","og_type":"article","og_title":"L\u00e4mmitysmatto lattian p\u00e4\u00e4lle","og_description":"L\u00e4mmitysmatto lattian p\u00e4\u00e4lle, maton alle asennettava on mukava ratkaisu, joka takaa miellytt\u00e4v\u00e4n jalkojen l\u00e4mm\u00f6n ja lis\u00e4\u00e4 asumismukavuutta","og_url":"https:\/\/www.heatline.ee\/fi\/tuote\/lammitysmatto-lattian-paalle\/","og_site_name":"Heatline","article_publisher":"https:\/\/www.facebook.com\/Heatline.ee\/","article_modified_time":"2026-03-18T20:45:37+00:00","og_image":[{"width":800,"height":800,"url":"https:\/\/www.heatline.ee\/wp-content\/uploads\/Kuttematt-vaiba-alla.jpg?_t=1773866737","type":"image\/jpeg"}],"twitter_card":"summary_large_image","twitter_misc":{"Arvioitu lukuaika":"1 minuutti"},"schema":{"@context":"https:\/\/schema.org","@graph":[{"@type":"WebPage","@id":"https:\/\/www.heatline.ee\/fi\/tuote\/lammitysmatto-lattian-paalle\/","url":"https:\/\/www.heatline.ee\/fi\/tuote\/lammitysmatto-lattian-paalle\/","name":"L\u00e4mmitysmatto lattian p\u00e4\u00e4lle - Heatline","isPartOf":{"@id":"https:\/\/www.heatline.ee\/fi\/#website"},"primaryImageOfPage":{"@id":"https:\/\/www.heatline.ee\/fi\/tuote\/lammitysmatto-lattian-paalle\/#primaryimage"},"image":{"@id":"https:\/\/www.heatline.ee\/fi\/tuote\/lammitysmatto-lattian-paalle\/#primaryimage"},"thumbnailUrl":"https:\/\/www.heatline.ee\/wp-content\/uploads\/Kuttematt-vaiba-alla.jpg","datePublished":"2026-02-02T12:11:57+00:00","dateModified":"2026-03-18T20:45:37+00:00","description":"L\u00e4mmitysmatto lattian p\u00e4\u00e4lle, maton alle asennettava on mukava ratkaisu, joka takaa miellytt\u00e4v\u00e4n jalkojen l\u00e4mm\u00f6n ja lis\u00e4\u00e4 asumismukavuutta","breadcrumb":{"@id":"https:\/\/www.heatline.ee\/fi\/tuote\/lammitysmatto-lattian-paalle\/#breadcrumb"},"inLanguage":"fi","potentialAction":[{"@type":"ReadAction","target":["https:\/\/www.heatline.ee\/fi\/tuote\/lammitysmatto-lattian-paalle\/"]}]},{"@type":"ImageObject","inLanguage":"fi","@id":"https:\/\/www.heatline.ee\/fi\/tuote\/lammitysmatto-lattian-paalle\/#primaryimage","url":"https:\/\/www.heatline.ee\/wp-content\/uploads\/Kuttematt-vaiba-alla.jpg","contentUrl":"https:\/\/www.heatline.ee\/wp-content\/uploads\/Kuttematt-vaiba-alla.jpg","width":800,"height":800,"caption":"CREATOR: gd-jpeg v1.0 (using IJG JPEG v80), quality = 95"},{"@type":"BreadcrumbList","@id":"https:\/\/www.heatline.ee\/fi\/tuote\/lammitysmatto-lattian-paalle\/#breadcrumb","itemListElement":[{"@type":"ListItem","position":1,"name":"Esileht","item":"https:\/\/www.heatline.ee\/fi\/"},{"@type":"ListItem","position":2,"name":"Kauppa","item":"https:\/\/www.heatline.ee\/fi\/kauppa\/"},{"@type":"ListItem","position":3,"name":"L\u00e4mmitysmatto lattian p\u00e4\u00e4lle"}]},{"@type":"WebSite","@id":"https:\/\/www.heatline.ee\/fi\/#website","url":"https:\/\/www.heatline.ee\/fi\/","name":"Heatline","description":"K&uuml;ttekaablid, k&uuml;ttekehad, mahuti ja t&uuml;nni k&uuml;te, kuumutusahjud","publisher":{"@id":"https:\/\/www.heatline.ee\/fi\/#organization"},"potentialAction":[{"@type":"SearchAction","target":{"@type":"EntryPoint","urlTemplate":"https:\/\/www.heatline.ee\/fi\/?s={search_term_string}"},"query-input":{"@type":"PropertyValueSpecification","valueRequired":true,"valueName":"search_term_string"}}],"inLanguage":"fi"},{"@type":"Organization","@id":"https:\/\/www.heatline.ee\/fi\/#organization","name":"Heatline O\u00dc","url":"https:\/\/www.heatline.ee\/fi\/","logo":{"@type":"ImageObject","inLanguage":"fi","@id":"https:\/\/www.heatline.ee\/fi\/#\/schema\/logo\/image\/","url":"https:\/\/www.heatline.ee\/wp-content\/uploads\/2019\/01\/heatline-logo.svg","contentUrl":"https:\/\/www.heatline.ee\/wp-content\/uploads\/2019\/01\/heatline-logo.svg","width":214,"height":40,"caption":"Heatline O\u00dc"},"image":{"@id":"https:\/\/www.heatline.ee\/fi\/#\/schema\/logo\/image\/"},"sameAs":["https:\/\/www.facebook.com\/Heatline.ee\/"]}]}},"_links":{"self":[{"href":"https:\/\/www.heatline.ee\/fi\/wp-json\/wp\/v2\/product\/15599","targetHints":{"allow":["GET"]}}],"collection":[{"href":"https:\/\/www.heatline.ee\/fi\/wp-json\/wp\/v2\/product"}],"about":[{"href":"https:\/\/www.heatline.ee\/fi\/wp-json\/wp\/v2\/types\/product"}],"replies":[{"embeddable":true,"href":"https:\/\/www.heatline.ee\/fi\/wp-json\/wp\/v2\/comments?post=15599"}],"wp:featuredmedia":[{"embeddable":true,"href":"https:\/\/www.heatline.ee\/fi\/wp-json\/wp\/v2\/media\/8041"}],"wp:attachment":[{"href":"https:\/\/www.heatline.ee\/fi\/wp-json\/wp\/v2\/media?parent=15599"}],"wp:term":[{"taxonomy":"product_brand","embeddable":true,"href":"https:\/\/www.heatline.ee\/fi\/wp-json\/wp\/v2\/product_brand?post=15599"},{"taxonomy":"product_cat","embeddable":true,"href":"https:\/\/www.heatline.ee\/fi\/wp-json\/wp\/v2\/product_cat?post=15599"},{"taxonomy":"product_tag","embeddable":true,"href":"https:\/\/www.heatline.ee\/fi\/wp-json\/wp\/v2\/product_tag?post=15599"}],"curies":[{"name":"wp","href":"https:\/\/api.w.org\/{rel}","templated":true}]}}