{"id":15594,"date":"2026-02-02T14:16:30","date_gmt":"2026-02-02T12:16:30","guid":{"rendered":"https:\/\/www.heatline.ee\/product\/kylpyhuonematto-lammityksella\/"},"modified":"2026-03-18T22:25:14","modified_gmt":"2026-03-18T20:25:14","slug":"kylpyhuonematto-lammityksella","status":"publish","type":"product","link":"https:\/\/www.heatline.ee\/fi\/tuote\/kylpyhuonematto-lammityksella\/","title":{"rendered":"Kylpyhuonematto l\u00e4mmityksell\u00e4"},"content":{"rendered":"<p><strong>Kylpyhuonematto l\u00e4mmityksell\u00e4: edut ja ominaisuudet<\/strong><\/p>\n<p>K\u00e4ytt\u00f6\u00f6n kylpyhuoneessa, mutta l\u00e4mmitysmatto sopii my\u00f6s muihin asuintiloihin<\/p>\n<p>Lyhyt l\u00e4mpenemisaika (n. 10 minuuttia)<\/p>\n<p>Miellytt\u00e4v\u00e4 jalkojen l\u00e4mp\u00f6tila jopa noin 30 \u00b0C<\/p>\n<p>Helppo huoltaa ja pest\u00e4 \u2013 l\u00e4mmityselementti irrotettavissa<\/p>\n<p>Kylpyhuonematto on eritt\u00e4in pehme\u00e4, miellytt\u00e4v\u00e4 ja korkealaatuinen pinta<\/p>\n<p>Helppo ja nopea asentaa<\/p>\n<p>Liukumaton tausta turvalliseen k\u00e4ytt\u00f6\u00f6n<\/p>\n<p>Valmistettu Saksassa<\/p>\n<p><strong>Tekniset tiedot:<\/strong><\/p>\n<p>K\u00e4ytt\u00f6j\u00e4nnite: 230 V<\/p>\n<p>IP-suojausluokka: IPX7 (vedenkest\u00e4v\u00e4)<\/p>\n<p>Koot: 55\u00d740 cm, 55\u00d765 cm, 55\u00d795 cm<\/p>\n<p>Maks. energiankulutus: 30 W, 50 W, 70 W (koon mukaan)<\/p>\n<p>Pintal\u00e4mp\u00f6tila: jopa 30 \u00b0C \u00b110%<\/p>\n<p>Materiaali: korkealaatuinen pehme\u00e4 pinta (94 % polyesteri, 6 % polyakryyli)<\/p>\n<p>V\u00e4ri: valkoinen<\/p>\n<p>Virtajohto: 1,5 m<\/p>\n<p>L\u00e4mmityselementti: l\u00e4mmityskangas<\/p>\n<p>Pakkaus sis\u00e4lt\u00e4\u00e4:<\/p>\n<p>1\u00d7 l\u00e4mmitett\u00e4v\u00e4 kylpyhuonematto (valitussa koossa)<\/p>\n<p>1\u00d7 k\u00e4ytt\u00f6ohje<\/p>\n","protected":false},"excerpt":{"rendered":"<p><strong>Kylpyhuonematto l\u00e4mmityksell\u00e4<\/strong> on ihanteellinen ratkaisu kylmien kylpyhuoneen lattialaattojen torjumiseen. Suihkun j\u00e4lkeen sinua odottaa miellytt\u00e4v\u00e4n l\u00e4mmin matto, joka tuo viihtyisyytt\u00e4 ja mukavuutta jokaiseen p\u00e4iv\u00e4\u00e4n. Maadoitetun pistokkeen ja 1,5m kaapelin ansiosta l\u00e4mmitysmattoa voi k\u00e4ytt\u00e4\u00e4 paitsi kylpyhuoneessa, my\u00f6s makuuhuoneessa, olohuoneessa tai kotitoimistossa \u2013 siell\u00e4, miss\u00e4 haluat lis\u00e4l\u00e4mp\u00f6\u00e4 ilman monimutkaisia asennuksia tai remonttia.<\/p>\n","protected":false},"featured_media":15331,"comment_status":"closed","ping_status":"closed","template":"","meta":{"_acf_changed":false,"_exactmetrics_skip_tracking":false,"_exactmetrics_sitenote_active":false,"_exactmetrics_sitenote_note":"","_exactmetrics_sitenote_category":0,"_monsterinsights_skip_tracking":false,"_monsterinsights_sitenote_active":false,"_monsterinsights_sitenote_note":"","_monsterinsights_sitenote_category":0},"product_brand":[],"product_cat":[752],"product_tag":[],"class_list":{"0":"post-15594","1":"product","2":"type-product","3":"status-publish","4":"has-post-thumbnail","6":"product_cat-lammitysmatot","7":"pa_soojendusmatid-kylpyhuoneen-lampomatto-55-x-65-cm","8":"pa_soojendusmatid-kylpyhuoneen-lampomatto-55-x-95-cm","10":"first","11":"outofstock","12":"taxable","13":"shipping-taxable","14":"purchasable","15":"product-type-variable"},"acf":[],"yoast_head":"<!-- This site is optimized with the Yoast SEO Premium plugin v27.5 (Yoast SEO v27.5) - https:\/\/yoast.com\/product\/yoast-seo-premium-wordpress\/ -->\n<title>Kylpyhuonematto l\u00e4mmityksell\u00e4 - Heatline<\/title>\n<meta name=\"description\" content=\"Kylpyhuonematto l\u00e4mmityksell\u00e4 on ihanteellinen ratkaisu kylmien kylpyhuoneen lattialaattojen torjumiseen. L\u00e4mmitysmatto kylpyhuoneen\" \/>\n<meta name=\"robots\" content=\"index, follow, max-snippet:-1, max-image-preview:large, max-video-preview:-1\" \/>\n<link rel=\"canonical\" href=\"https:\/\/www.heatline.ee\/fi\/tuote\/kylpyhuonematto-lammityksella\/\" \/>\n<meta property=\"og:locale\" content=\"fi_FI\" \/>\n<meta property=\"og:type\" content=\"article\" \/>\n<meta property=\"og:title\" content=\"Kylpyhuonematto l\u00e4mmityksell\u00e4\" \/>\n<meta property=\"og:description\" content=\"Kylpyhuonematto l\u00e4mmityksell\u00e4 on ihanteellinen ratkaisu kylmien kylpyhuoneen lattialaattojen torjumiseen. L\u00e4mmitysmatto kylpyhuoneen\" \/>\n<meta property=\"og:url\" content=\"https:\/\/www.heatline.ee\/fi\/tuote\/kylpyhuonematto-lammityksella\/\" \/>\n<meta property=\"og:site_name\" content=\"Heatline\" \/>\n<meta property=\"article:publisher\" content=\"https:\/\/www.facebook.com\/Heatline.ee\/\" \/>\n<meta property=\"article:modified_time\" content=\"2026-03-18T20:25:14+00:00\" \/>\n<meta property=\"og:image\" content=\"https:\/\/www.heatline.ee\/wp-content\/uploads\/vannitoavaip-soojendusega.webp?_t=1773865514\" \/>\n\t<meta property=\"og:image:width\" content=\"1536\" \/>\n\t<meta property=\"og:image:height\" content=\"1024\" \/>\n\t<meta property=\"og:image:type\" content=\"image\/webp\" \/>\n<meta name=\"twitter:card\" content=\"summary_large_image\" \/>\n<meta name=\"twitter:label1\" content=\"Arvioitu lukuaika\" \/>\n\t<meta name=\"twitter:data1\" content=\"1 minuutti\" \/>\n<script type=\"application\/ld+json\" class=\"yoast-schema-graph\">{\"@context\":\"https:\\\/\\\/schema.org\",\"@graph\":[{\"@type\":\"WebPage\",\"@id\":\"https:\\\/\\\/www.heatline.ee\\\/fi\\\/tuote\\\/kylpyhuonematto-lammityksella\\\/\",\"url\":\"https:\\\/\\\/www.heatline.ee\\\/fi\\\/tuote\\\/kylpyhuonematto-lammityksella\\\/\",\"name\":\"Kylpyhuonematto l\u00e4mmityksell\u00e4 - Heatline\",\"isPartOf\":{\"@id\":\"https:\\\/\\\/www.heatline.ee\\\/fi\\\/#website\"},\"primaryImageOfPage\":{\"@id\":\"https:\\\/\\\/www.heatline.ee\\\/fi\\\/tuote\\\/kylpyhuonematto-lammityksella\\\/#primaryimage\"},\"image\":{\"@id\":\"https:\\\/\\\/www.heatline.ee\\\/fi\\\/tuote\\\/kylpyhuonematto-lammityksella\\\/#primaryimage\"},\"thumbnailUrl\":\"https:\\\/\\\/www.heatline.ee\\\/wp-content\\\/uploads\\\/vannitoavaip-soojendusega.webp\",\"datePublished\":\"2026-02-02T12:16:30+00:00\",\"dateModified\":\"2026-03-18T20:25:14+00:00\",\"description\":\"Kylpyhuonematto l\u00e4mmityksell\u00e4 on ihanteellinen ratkaisu kylmien kylpyhuoneen lattialaattojen torjumiseen. L\u00e4mmitysmatto kylpyhuoneen\",\"breadcrumb\":{\"@id\":\"https:\\\/\\\/www.heatline.ee\\\/fi\\\/tuote\\\/kylpyhuonematto-lammityksella\\\/#breadcrumb\"},\"inLanguage\":\"fi\",\"potentialAction\":[{\"@type\":\"ReadAction\",\"target\":[\"https:\\\/\\\/www.heatline.ee\\\/fi\\\/tuote\\\/kylpyhuonematto-lammityksella\\\/\"]}]},{\"@type\":\"ImageObject\",\"inLanguage\":\"fi\",\"@id\":\"https:\\\/\\\/www.heatline.ee\\\/fi\\\/tuote\\\/kylpyhuonematto-lammityksella\\\/#primaryimage\",\"url\":\"https:\\\/\\\/www.heatline.ee\\\/wp-content\\\/uploads\\\/vannitoavaip-soojendusega.webp\",\"contentUrl\":\"https:\\\/\\\/www.heatline.ee\\\/wp-content\\\/uploads\\\/vannitoavaip-soojendusega.webp\",\"width\":1536,\"height\":1024,\"caption\":\"vannitoavaip soojendusega\"},{\"@type\":\"BreadcrumbList\",\"@id\":\"https:\\\/\\\/www.heatline.ee\\\/fi\\\/tuote\\\/kylpyhuonematto-lammityksella\\\/#breadcrumb\",\"itemListElement\":[{\"@type\":\"ListItem\",\"position\":1,\"name\":\"Esileht\",\"item\":\"https:\\\/\\\/www.heatline.ee\\\/fi\\\/\"},{\"@type\":\"ListItem\",\"position\":2,\"name\":\"Kauppa\",\"item\":\"https:\\\/\\\/www.heatline.ee\\\/fi\\\/kauppa\\\/\"},{\"@type\":\"ListItem\",\"position\":3,\"name\":\"Kylpyhuonematto l\u00e4mmityksell\u00e4\"}]},{\"@type\":\"WebSite\",\"@id\":\"https:\\\/\\\/www.heatline.ee\\\/fi\\\/#website\",\"url\":\"https:\\\/\\\/www.heatline.ee\\\/fi\\\/\",\"name\":\"Heatline\",\"description\":\"K&uuml;ttekaablid, k&uuml;ttekehad, mahuti ja t&uuml;nni k&uuml;te, kuumutusahjud\",\"publisher\":{\"@id\":\"https:\\\/\\\/www.heatline.ee\\\/fi\\\/#organization\"},\"potentialAction\":[{\"@type\":\"SearchAction\",\"target\":{\"@type\":\"EntryPoint\",\"urlTemplate\":\"https:\\\/\\\/www.heatline.ee\\\/fi\\\/?s={search_term_string}\"},\"query-input\":{\"@type\":\"PropertyValueSpecification\",\"valueRequired\":true,\"valueName\":\"search_term_string\"}}],\"inLanguage\":\"fi\"},{\"@type\":\"Organization\",\"@id\":\"https:\\\/\\\/www.heatline.ee\\\/fi\\\/#organization\",\"name\":\"Heatline O\u00dc\",\"url\":\"https:\\\/\\\/www.heatline.ee\\\/fi\\\/\",\"logo\":{\"@type\":\"ImageObject\",\"inLanguage\":\"fi\",\"@id\":\"https:\\\/\\\/www.heatline.ee\\\/fi\\\/#\\\/schema\\\/logo\\\/image\\\/\",\"url\":\"https:\\\/\\\/www.heatline.ee\\\/wp-content\\\/uploads\\\/2019\\\/01\\\/heatline-logo.svg\",\"contentUrl\":\"https:\\\/\\\/www.heatline.ee\\\/wp-content\\\/uploads\\\/2019\\\/01\\\/heatline-logo.svg\",\"width\":214,\"height\":40,\"caption\":\"Heatline O\u00dc\"},\"image\":{\"@id\":\"https:\\\/\\\/www.heatline.ee\\\/fi\\\/#\\\/schema\\\/logo\\\/image\\\/\"},\"sameAs\":[\"https:\\\/\\\/www.facebook.com\\\/Heatline.ee\\\/\"]}]}<\/script>\n<!-- \/ Yoast SEO Premium plugin. -->","yoast_head_json":{"title":"Kylpyhuonematto l\u00e4mmityksell\u00e4 - Heatline","description":"Kylpyhuonematto l\u00e4mmityksell\u00e4 on ihanteellinen ratkaisu kylmien kylpyhuoneen lattialaattojen torjumiseen. L\u00e4mmitysmatto kylpyhuoneen","robots":{"index":"index","follow":"follow","max-snippet":"max-snippet:-1","max-image-preview":"max-image-preview:large","max-video-preview":"max-video-preview:-1"},"canonical":"https:\/\/www.heatline.ee\/fi\/tuote\/kylpyhuonematto-lammityksella\/","og_locale":"fi_FI","og_type":"article","og_title":"Kylpyhuonematto l\u00e4mmityksell\u00e4","og_description":"Kylpyhuonematto l\u00e4mmityksell\u00e4 on ihanteellinen ratkaisu kylmien kylpyhuoneen lattialaattojen torjumiseen. L\u00e4mmitysmatto kylpyhuoneen","og_url":"https:\/\/www.heatline.ee\/fi\/tuote\/kylpyhuonematto-lammityksella\/","og_site_name":"Heatline","article_publisher":"https:\/\/www.facebook.com\/Heatline.ee\/","article_modified_time":"2026-03-18T20:25:14+00:00","og_image":[{"width":1536,"height":1024,"url":"https:\/\/www.heatline.ee\/wp-content\/uploads\/vannitoavaip-soojendusega.webp?_t=1773865514","type":"image\/webp"}],"twitter_card":"summary_large_image","twitter_misc":{"Arvioitu lukuaika":"1 minuutti"},"schema":{"@context":"https:\/\/schema.org","@graph":[{"@type":"WebPage","@id":"https:\/\/www.heatline.ee\/fi\/tuote\/kylpyhuonematto-lammityksella\/","url":"https:\/\/www.heatline.ee\/fi\/tuote\/kylpyhuonematto-lammityksella\/","name":"Kylpyhuonematto l\u00e4mmityksell\u00e4 - Heatline","isPartOf":{"@id":"https:\/\/www.heatline.ee\/fi\/#website"},"primaryImageOfPage":{"@id":"https:\/\/www.heatline.ee\/fi\/tuote\/kylpyhuonematto-lammityksella\/#primaryimage"},"image":{"@id":"https:\/\/www.heatline.ee\/fi\/tuote\/kylpyhuonematto-lammityksella\/#primaryimage"},"thumbnailUrl":"https:\/\/www.heatline.ee\/wp-content\/uploads\/vannitoavaip-soojendusega.webp","datePublished":"2026-02-02T12:16:30+00:00","dateModified":"2026-03-18T20:25:14+00:00","description":"Kylpyhuonematto l\u00e4mmityksell\u00e4 on ihanteellinen ratkaisu kylmien kylpyhuoneen lattialaattojen torjumiseen. L\u00e4mmitysmatto kylpyhuoneen","breadcrumb":{"@id":"https:\/\/www.heatline.ee\/fi\/tuote\/kylpyhuonematto-lammityksella\/#breadcrumb"},"inLanguage":"fi","potentialAction":[{"@type":"ReadAction","target":["https:\/\/www.heatline.ee\/fi\/tuote\/kylpyhuonematto-lammityksella\/"]}]},{"@type":"ImageObject","inLanguage":"fi","@id":"https:\/\/www.heatline.ee\/fi\/tuote\/kylpyhuonematto-lammityksella\/#primaryimage","url":"https:\/\/www.heatline.ee\/wp-content\/uploads\/vannitoavaip-soojendusega.webp","contentUrl":"https:\/\/www.heatline.ee\/wp-content\/uploads\/vannitoavaip-soojendusega.webp","width":1536,"height":1024,"caption":"vannitoavaip soojendusega"},{"@type":"BreadcrumbList","@id":"https:\/\/www.heatline.ee\/fi\/tuote\/kylpyhuonematto-lammityksella\/#breadcrumb","itemListElement":[{"@type":"ListItem","position":1,"name":"Esileht","item":"https:\/\/www.heatline.ee\/fi\/"},{"@type":"ListItem","position":2,"name":"Kauppa","item":"https:\/\/www.heatline.ee\/fi\/kauppa\/"},{"@type":"ListItem","position":3,"name":"Kylpyhuonematto l\u00e4mmityksell\u00e4"}]},{"@type":"WebSite","@id":"https:\/\/www.heatline.ee\/fi\/#website","url":"https:\/\/www.heatline.ee\/fi\/","name":"Heatline","description":"K&uuml;ttekaablid, k&uuml;ttekehad, mahuti ja t&uuml;nni k&uuml;te, kuumutusahjud","publisher":{"@id":"https:\/\/www.heatline.ee\/fi\/#organization"},"potentialAction":[{"@type":"SearchAction","target":{"@type":"EntryPoint","urlTemplate":"https:\/\/www.heatline.ee\/fi\/?s={search_term_string}"},"query-input":{"@type":"PropertyValueSpecification","valueRequired":true,"valueName":"search_term_string"}}],"inLanguage":"fi"},{"@type":"Organization","@id":"https:\/\/www.heatline.ee\/fi\/#organization","name":"Heatline O\u00dc","url":"https:\/\/www.heatline.ee\/fi\/","logo":{"@type":"ImageObject","inLanguage":"fi","@id":"https:\/\/www.heatline.ee\/fi\/#\/schema\/logo\/image\/","url":"https:\/\/www.heatline.ee\/wp-content\/uploads\/2019\/01\/heatline-logo.svg","contentUrl":"https:\/\/www.heatline.ee\/wp-content\/uploads\/2019\/01\/heatline-logo.svg","width":214,"height":40,"caption":"Heatline O\u00dc"},"image":{"@id":"https:\/\/www.heatline.ee\/fi\/#\/schema\/logo\/image\/"},"sameAs":["https:\/\/www.facebook.com\/Heatline.ee\/"]}]}},"_links":{"self":[{"href":"https:\/\/www.heatline.ee\/fi\/wp-json\/wp\/v2\/product\/15594","targetHints":{"allow":["GET"]}}],"collection":[{"href":"https:\/\/www.heatline.ee\/fi\/wp-json\/wp\/v2\/product"}],"about":[{"href":"https:\/\/www.heatline.ee\/fi\/wp-json\/wp\/v2\/types\/product"}],"replies":[{"embeddable":true,"href":"https:\/\/www.heatline.ee\/fi\/wp-json\/wp\/v2\/comments?post=15594"}],"wp:featuredmedia":[{"embeddable":true,"href":"https:\/\/www.heatline.ee\/fi\/wp-json\/wp\/v2\/media\/15331"}],"wp:attachment":[{"href":"https:\/\/www.heatline.ee\/fi\/wp-json\/wp\/v2\/media?parent=15594"}],"wp:term":[{"taxonomy":"product_brand","embeddable":true,"href":"https:\/\/www.heatline.ee\/fi\/wp-json\/wp\/v2\/product_brand?post=15594"},{"taxonomy":"product_cat","embeddable":true,"href":"https:\/\/www.heatline.ee\/fi\/wp-json\/wp\/v2\/product_cat?post=15594"},{"taxonomy":"product_tag","embeddable":true,"href":"https:\/\/www.heatline.ee\/fi\/wp-json\/wp\/v2\/product_tag?post=15594"}],"curies":[{"name":"wp","href":"https:\/\/api.w.org\/{rel}","templated":true}]}}